{"id":2730,"date":"2024-09-28T20:45:58","date_gmt":"2024-09-28T20:45:58","guid":{"rendered":"https:\/\/www.wireless.walmart.ca\/?post_type=product&#038;p=2730"},"modified":"2025-02-28T18:33:16","modified_gmt":"2025-02-28T18:33:16","slug":"iphone-16-plus","status":"publish","type":"product","link":"https:\/\/www.wireless.walmart.ca\/fr\/product\/iphone-16-plus\/","title":{"rendered":"iPhone 16 Plus"},"content":{"rendered":"<h4>iPhone 16 Plus. Con\u00e7u pour Apple Intelligence. Avec commande de la cam\u00e9ra, cam\u00e9ra Fusion 48 Mpx, cinq couleurs \u00e9clatantes et puce A18<\/h4>\n<p>&nbsp;<\/p>\n<h5>\u2022 CON\u00c7U POUR APPLE INTELLIGENCE<\/h5>\n<p>Apple Intelligence est un syst\u00e8me d\u2019intelligence personnelle qui vous aide \u00e0 \u00e9crire, \u00e0 vous exprimer et \u00e0 en faire plus sans effort. Et gr\u00e2ce \u00e0 ses technologies r\u00e9volutionnaires de protection de la vie priv\u00e9e, vous savez que personne d\u2019autre n\u2019a acc\u00e8s \u00e0 vos donn\u00e9es \u2013 pas m\u00eame Apple. [Ins\u00e9rez le message sur la disponibilit\u00e9 d\u2019Apple Intelligence]1.<\/p>\n<h5>\u2022 COMMANDE DE LA CAM\u00c9RA. PRENEZ LE CONTR\u00d4LE<\/h5>\n<p>La commande de la cam\u00e9ra facilite l\u2019acc\u00e8s aux outils photo et vid\u00e9o, comme le zoom et la profondeur de champ, pour des images parfaites en un temps record.<\/p>\n<h5>\u2022 VOS PHOTOS VONT PLUS LOIN. M\u00caME DE PR\u00c8S<\/h5>\n<p>La cam\u00e9ra ultra grand-angle am\u00e9lior\u00e9e avec mise au point automatique prend des photos et vid\u00e9os macro incroyablement d\u00e9taill\u00e9es. Captez de superbes images en haute d\u00e9finition avec la cam\u00e9ra Fusion 48 Mpx, et des plans rapproch\u00e9s avec le t\u00e9l\u00e9objectif 2x de qualit\u00e9 optique.<\/p>\n<h5>\u2022 STYLES PHOTOGRAPHIQUES<\/h5>\n<p>Les styles photographiques derni\u00e8re g\u00e9n\u00e9ration laissent le champ libre \u00e0 votre cr\u00e9ativit\u00e9, pour que vous puissiez donner \u00e0 chaque photo une personnalit\u00e9 bien \u00e0 elle. Et revenir \u00e0 l\u2019original quand bon vous semble.<\/p>\n<h5>\u2022 PUCE A18 HYPER BRILLANTE<\/h5>\n<p>Deux g\u00e9n\u00e9rations devant l\u2019A16 Bionic d\u2019iPhone 15, la puce A18 propulse Apple Intelligence, des fonctionnalit\u00e9s photo et vid\u00e9o avanc\u00e9es et une exp\u00e9rience de jeu digne d\u2019une console, le tout avec une efficience hors pair.<\/p>\n<h5>\u2022 AUTONOMIE PROLONG\u00c9E<\/h5>\n<p>Propuls\u00e9 par la puce A18, iPhone 16 Plus offre un grand bond d\u2019autonomie, avec jusqu\u2019\u00e0 27 heures de lecture vid\u00e9o2. Rechargez-le via USB-C ou utilisez un chargeur MagSafe pour une recharge sans fil acc\u00e9l\u00e9r\u00e9e3.<\/p>\n<h5>\u2022 CON\u00c7U POUR DURER<\/h5>\n<p>Remarquablement robuste de bord en bord, iPhone 16 Plus est dot\u00e9 d\u2019un bo\u00eetier en aluminium de calibre a\u00e9rospatial et d\u2019un \u00e9cran Super Retina XDR 6,7 po4 en Ceramic Shield derni\u00e8re g\u00e9n\u00e9ration, 2x plus solide que le verre de n\u2019importe quel t\u00e9l\u00e9phone.<\/p>\n<h5>\u2022 PERSONNALISEZ VOTRE IPHONE<\/h5>\n<p>Avec iOS 18, donnez la couleur de votre choix aux ic\u00f4nes de l\u2019\u00e9cran d\u2019accueil. Retrouvez vos images pr\u00e9f\u00e9r\u00e9es plus rapidement dans l\u2019app Photos repens\u00e9e. Et ajoutez des effets anim\u00e9s amusants \u00e0 n\u2019importe quel mot, phrase ou \u00e9moji dans un iMessage5.<\/p>\n<h5>\u2022 CONNECTIVIT\u00c9 SATELLITE<\/h5>\n<p>Quand aucun r\u00e9seau cellulaire ou Wi-Fi n\u2019est \u00e0 sa port\u00e9e, iPhone peut se connecter \u00e0 un satellite pour vous permettre d\u2019envoyer et de recevoir des textos et des Tapback6. En cas d\u2019accident de voiture grave, il peut contacter les secours si vous n\u2019\u00eates pas en mesure de le faire7.<\/p>\n<h6>Mentions l\u00e9gales<br \/>\n1 [Ins\u00e9rez la mention l\u00e9gale sur Apple Intelligence]<br \/>\n2 L\u2019autonomie varie en fonction de l\u2019utilisation et des r\u00e9glages. Pour en savoir plus, consultez apple.com\/ca\/fr\/batteries.<br \/>\n3 Accessoires vendus s\u00e9par\u00e9ment.<br \/>\n4 Les \u00e9crans d\u2019iPhone 16, iPhone 16 Plus, iPhone 16 Pro et iPhone 16 Pro Max sont dot\u00e9s de coins arrondis. Lorsqu\u2019on les mesure comme un rectangle, ils font respectivement 6,12 po, 6,69 po, 6,27 po et 6,86 po de diagonale. La surface d\u2019affichage est moindre.<br \/>\n5 Il se peut que des fonctionnalit\u00e9s ne soient pas disponibles dans certains pays ou certaines r\u00e9gions.<br \/>\n6 Urgence SOS et Messages par satellite sont gratuits pendant deux ans apr\u00e8s l\u2019activation de n\u2019importe quel mod\u00e8le d\u2019iPhone 14 ou d\u2019un mod\u00e8le plus r\u00e9cent. Les d\u00e9lais de connexion et de r\u00e9ponse varient selon le lieu, les conditions locales et d\u2019autres facteurs. Messages par satellite n\u00e9cessite un forfait cellulaire. La messagerie texte par satellite est disponible aupr\u00e8s des fournisseurs qui la prennent en charge. Des frais peuvent s\u2019appliquer. Pour en savoir plus, consultez support.apple.com\/kb\/HT213885.<br \/>\n7 iPhone 16 et iPhone 16 Pro peuvent reconna\u00eetre un accident de voiture grave et appeler les secours. N\u00e9cessite une connexion cellulaire ou la t\u00e9l\u00e9phonie Wi-Fi.<br \/>\nCaract\u00e9ristiques techniques<br \/>\nConsultez la liste compl\u00e8te des caract\u00e9ristiques sur apple.com\/ca\/fr\/iphone\/compare.<\/h6>\n","protected":false},"excerpt":{"rendered":"<p>iPhone 16 Plus. Con\u00e7u pour Apple Intelligence. Avec commande de la cam\u00e9ra, cam\u00e9ra Fusion 48 Mpx, cinq couleurs \u00e9clatantes et puce A18 &nbsp; \u2022 CON\u00c7U POUR APPLE INTELLIGENCE Apple Intelligence est un syst\u00e8me d\u2019intelligence personnelle qui vous aide \u00e0 \u00e9crire, \u00e0 vous exprimer et \u00e0 en faire plus sans effort. Et gr\u00e2ce \u00e0 ses technologies [&hellip;]<\/p>\n","protected":false},"featured_media":2878,"comment_status":"open","ping_status":"closed","template":"","meta":{"_acf_changed":false},"product_brand":[],"product_cat":[71],"product_tag":[],"class_list":{"0":"post-2730","1":"product","2":"type-product","3":"status-publish","4":"has-post-thumbnail","6":"carrier-bell-fr","7":"carrier-fido-fr","8":"carrier-freedom-fr","9":"carrier-koodo-fr","10":"carrier-rogers-fr","11":"carrier-telus-fr","12":"carrier-virgin-plus-fr","13":"brand-apple-fr","14":"product_cat-carrier-phones-fr","16":"first","17":"instock","18":"shipping-taxable","19":"product-type-variable"},"acf":[],"aioseo_notices":[],"_links":{"self":[{"href":"https:\/\/www.wireless.walmart.ca\/fr\/wp-json\/wp\/v2\/product\/2730","targetHints":{"allow":["GET"]}}],"collection":[{"href":"https:\/\/www.wireless.walmart.ca\/fr\/wp-json\/wp\/v2\/product"}],"about":[{"href":"https:\/\/www.wireless.walmart.ca\/fr\/wp-json\/wp\/v2\/types\/product"}],"replies":[{"embeddable":true,"href":"https:\/\/www.wireless.walmart.ca\/fr\/wp-json\/wp\/v2\/comments?post=2730"}],"wp:featuredmedia":[{"embeddable":true,"href":"https:\/\/www.wireless.walmart.ca\/fr\/wp-json\/wp\/v2\/media\/2878"}],"wp:attachment":[{"href":"https:\/\/www.wireless.walmart.ca\/fr\/wp-json\/wp\/v2\/media?parent=2730"}],"wp:term":[{"taxonomy":"product_brand","embeddable":true,"href":"https:\/\/www.wireless.walmart.ca\/fr\/wp-json\/wp\/v2\/product_brand?post=2730"},{"taxonomy":"product_cat","embeddable":true,"href":"https:\/\/www.wireless.walmart.ca\/fr\/wp-json\/wp\/v2\/product_cat?post=2730"},{"taxonomy":"product_tag","embeddable":true,"href":"https:\/\/www.wireless.walmart.ca\/fr\/wp-json\/wp\/v2\/product_tag?post=2730"}],"curies":[{"name":"wp","href":"https:\/\/api.w.org\/{rel}","templated":true}]}}