{"id":3035,"date":"2024-10-21T17:57:23","date_gmt":"2024-10-21T17:57:23","guid":{"rendered":"https:\/\/www.wireless.walmart.ca\/?post_type=product&#038;p=3035"},"modified":"2024-11-06T21:32:28","modified_gmt":"2024-11-06T21:32:28","slug":"google-pixel-9-pro-xl","status":"publish","type":"product","link":"https:\/\/www.wireless.walmart.ca\/fr\/product\/google-pixel-9-pro-xl\/","title":{"rendered":"Google Pixel 9 Pro XL"},"content":{"rendered":"<h4>D\u00e9couvrez le Pixel\u00a09\u00a0Pro avec Gemini. \u00c9l\u00e9gant et \u00e9poustouflant, c&#8217;est le Pixel le plus puissant \u00e0 ce jour. Prenez des photos et des vid\u00e9os de qualit\u00e9 presque professionnelle avec le syst\u00e8me de triple appareil photo, et effectuez des retouches et des montages d&#8217;expert. D\u00e9velopp\u00e9 par Google, il int\u00e8gre le meilleur de l&#8217;IA de Google en priorit\u00e9.<\/h4>\n<p>&nbsp;<\/p>\n<h5>Google Tensor\u00a0G4<br \/>\nLa puissance qui alimente l&#8217;IA sur le Google Pixel.<\/h5>\n<p>Google Tensor\u00a0G4 : la puce du Pixel la plus puissante \u00e0 ce jour. Elle est con\u00e7ue pour une IA avanc\u00e9e comme Gemini, des photos et des vid\u00e9os de pointe ainsi que de l&#8217;aide fournie plus intelligemment toute la journ\u00e9e1<\/p>\n<h5>M\u00e9moire vive du Pixel\u00a09\u00a0Pro<br \/>\nDes performances exceptionnelles.<\/h5>\n<p>Con\u00e7u pour \u00eatre le Pixel avec les performances les plus rapides, le Pixel 9 Pro est dot\u00e9 de 16 Go de m\u00e9moire vive qui alimentent l&#8217;IA de Google la plus avanc\u00e9e.<\/p>\n<h5>\u00c9cran du Pixel\u00a09\u00a0Pro<br \/>\n\u00c9cran Super Actua brillant et lumineux<\/h5>\n<p>L&#8217;\u00e9cran Pixel le plus lumineux et immersif \u00e0 ce jour affiche des couleurs plus vraies que nature, m\u00eame en plein soleil. Il fonctionne jusqu&#8217;\u00e0 120 Hz, pour des jeux vid\u00e9o et un d\u00e9filement fluides.<\/p>\n<h5>Pile et recharge du Pixel\u00a09\u00a0Pro<br \/>\nRecharge rapide, pile qui dure toute la journ\u00e9e<\/h5>\n<p>La pile du Pixel\u00a09\u00a0Pro se recharge vite et peut durer toute la journ\u00e9e. Activez l&#8217;\u00c9conomiseur de pile extr\u00eame pour que l&#8217;autonomie dure encore plus longtemps<\/p>\n<h5>Durabilit\u00e9 du Pixel 9 Pro<br \/>\nIl est con\u00e7u pour durer<\/h5>\n<p>Le Pixel est r\u00e9sistant aux chutes, aux d\u00e9versements et \u00e0 la poussi\u00e8re du quotidien. L&#8217;\u00e9cran est r\u00e9sistant aux rayures et aux fissures gr\u00e2ce au verre Corning?? Gorilla\ud83c\udd6b Glass Victus\ud83c\udd6b\u00a02.<\/p>\n<h4>Fonctionnalit\u00e9s de l&#8217;appareil photo<\/h4>\n<h5>Appareil photo du Pixel\u00a09\u00a0Pro<br \/>\nDes photos et des vid\u00e9os de qualit\u00e9 presque professionnelle.<\/h5>\n<p>Le syst\u00e8me de 3 appareils photo arri\u00e8re Pixel est le plus puissant \u00e0 ce jour, et offre un Zoom haute r\u00e9solution jusqu&#8217;\u00e0\u00a030&#215;1 et une qualit\u00e9 vid\u00e9o haute r\u00e9solution, m\u00eame dans le noir et de loin.<\/p>\n<h5>Qualit\u00e9 g\u00e9n\u00e9rale de l&#8217;image et de la vid\u00e9o<br \/>\nDes photos et des vid\u00e9os plus que renversantes<\/h5>\n<p>L&#8217;appareil photo Pixel avanc\u00e9 dot\u00e9 de l&#8217;IA prend des photos et des vid\u00e9os nettes et \u00e9clatantes, m\u00eame de loin et quelle que soit la luminosit\u00e9.<\/p>\n<h5>Zoom haute r\u00e9solution pour vid\u00e9o<br \/>\nUne premi\u00e8re pour le zoom vid\u00e9o Pixel.<\/h5>\n<p>Le Pixel 9 Pro offre un puissant t\u00e9l\u00e9objectif et un traitement vid\u00e9o avanc\u00e9 pour des vid\u00e9os fluides de haute qualit\u00e9 avec un zoom jusqu&#8217;\u00e0 20x avec Zoom haute r\u00e9solution pour vid\u00e9o.<\/p>\n<h5>Mode Vision de nuit<br \/>\nDe magnifiques photos, du cr\u00e9puscule \u00e0 l&#8217;aube.<\/h5>\n<p>Le mode Vision de nuit est con\u00e7u pour prendre des photos nettes et \u00e9clatantes quand la luminosit\u00e9 est faible, comme pour les concerts et paysages urbains. Capturez aussi la Voie lact\u00e9e avec l&#8217;Astrophotographie.<\/p>\n<h5>Vision de nuit vid\u00e9o<br \/>\nDes vid\u00e9os magnifiques apr\u00e8s la tomb\u00e9e de la nuit.<\/h5>\n<p>Vision de nuit vid\u00e9o peut prendre des vid\u00e9os nettes quand la luminosit\u00e9 est faible, comme au restaurant ou la nuit. Obtenez des d\u00e9tails et des couleurs riches, m\u00eame dans l&#8217;obscurit\u00e9.<\/p>\n<h5>\u00c9diteur magique<br \/>\nR\u00e9inventez vos photos directement sur votre t\u00e9l\u00e9phone.<\/h5>\n<p>L&#8217;\u00c9diteur magique dans Google Photos aide \u00e0 faciliter les retouches complexes. En quelques touchers, l&#8217;IA peut modifier l&#8217;arri\u00e8re-plan, d\u00e9placer des objets et plus encore<\/p>\n<h5>Cadre automatique dans l&#8217;\u00c9diteur magique<br \/>\nUn cadrage id\u00e9al pour vos photos.<\/h5>\n<p>L&#8217;\u00c9diteur magique peut automatiquement sugg\u00e9rer la meilleure option pour recadrer vos nouvelles et anciennes photos, voire les \u00e9tendre pour ajouter du contenu \u00e0 la sc\u00e8ne.<\/p>\n<h5>Photos r\u00e9invent\u00e9es dans l&#8217;\u00c9diteur magique<br \/>\nDonnez une nouvelle apparence aux photos.<\/h5>\n<p>R\u00e9inventez des photos dans l&#8217;\u00c9diteur magique, comme en y ajoutant des feuilles ou de l&#8217;herbe. Touchez simplement la partie de la photo \u00e0 modifier, puis entrez le changement souhait\u00e9<\/p>\n<h5>L&#8217;Efface dans l&#8217;\u00c9diteur magique<br \/>\nFaites dispara\u00eetre les \u00e9l\u00e9ments ind\u00e9sirables.<\/h5>\n<p>Retirez facilement les \u00e9l\u00e9ments ind\u00e9sirables, comme les intrus et les objets d\u00e9rangeants<\/p>\n<h5>Efface magique audio<br \/>\nMontez le son. Att\u00e9nuez le bruit.<\/h5>\n<p>Utilisez l&#8217;Efface magique audio pour aider \u00e0 r\u00e9duire les sons d\u00e9rangeants dans les vid\u00e9os, comme la musique ou le vent. Et augmentez les sons d\u00e9sir\u00e9s<\/p>\n<h5>Meilleure prise<br \/>\nDes photos de groupe que tout le groupe aime.<\/h5>\n<p>Obtenez une photo de groupe incroyable en combinant des photos similaires. Le Pixel trouve le meilleur moment, ou choisissez les meilleures expressions de chacun.<\/p>\n<h5>Zoom optimis\u00e9<br \/>\nZoomez. Photographiez. Zoomez encore plus<\/h5>\n<p>Le Zoom optimis\u00e9 vous aide \u00e0 prendre des clich\u00e9s encore plus rapproch\u00e9s une fois que vous avez zoom\u00e9. L&#8217;IA am\u00e9liore les d\u00e9tails et la qualit\u00e9 pour garantir la nettet\u00e9 de vos photos.<\/p>\n<h5>Optimisation vid\u00e9o<br \/>\nUn traitement vid\u00e9o de pointe.<\/h5>\n<p>La fonctionnalit\u00e9 Optimisation vid\u00e9o vous permet d&#8217;am\u00e9liorer une vid\u00e9o jusqu&#8217;\u00e0 8K ainsi que ses couleurs, sa luminosit\u00e9 et sa stabilisation pour obtenir la meilleure qualit\u00e9 vid\u00e9o sur un Pixel.<\/p>\n<h5>Commandes Pro<br \/>\nUtilisez votre appareil photo comme un pro.<\/h5>\n<p>Les Commandes Pro donnent vie \u00e0 votre id\u00e9e, avec des r\u00e9glages avanc\u00e9s de l&#8217;appareil photo : vitesse d&#8217;obturation, mise au point manuelle et plus1. Elles permettent aussi d&#8217;obtenir des images en r\u00e9solution maximale<\/p>\n<h5>Photo nette<br \/>\nCorrigez vos photos floues.<\/h5>\n<p>En seulement quelques touchers, Photo nette dans Google Photos peut aider \u00e0 am\u00e9liorer la nettet\u00e9 de vos photos floues, nouvelles ou anciennes.<\/p>\n<h5>Mise au point macro<br \/>\nPetit et \u00e9pique.<\/h5>\n<p>Avec l&#8217;objectif ultra grand-angle, la Mise au point macro cr\u00e9e de magnifiques clich\u00e9s \u00e0 partir des plus petits d\u00e9tails\u00a0: goutte de pluie, flocon de neige, p\u00e9tale ou brin d&#8217;herbe.<\/p>\n<h5>M\u2019ajouter<br \/>\nPrenez la photo tout en \u00e9tant dessus.<\/h5>\n<p>M\u2019ajouter s&#8217;assure que personne n&#8217;est hors du cadre. Prenez une photo avec le groupe, puis remplacez le photographe. Le Pixel fusionnera les deux photos comme par magie<\/p>\n<h4>Fonctionnalit\u00e9s pour se simplifier le quotidien<\/h4>\n<h5>Gemini<br \/>\nGemini, votre assistant d\u2019IA int\u00e9gr\u00e9.<\/h5>\n<p>Gemini vous aide \u00e0 optimiser vos id\u00e9es. Maintenez le doigt sur l&#8217;interrupteur pour commencer \u00e0 r\u00e9diger, \u00e0 planifier, \u00e0 apprendre et plus encore1.<\/p>\n<h5>Stimulez la productivit\u00e9 et la cr\u00e9ativit\u00e9<br \/>\nUne source d&#8217;inspiration instantan\u00e9e.<\/h5>\n<p>Gemini vous aide \u00e0 stimuler votre productivit\u00e9 et votre cr\u00e9ativit\u00e9\u00a0: faites du remue-m\u00e9ninges, prenez des notes, planifiez des activit\u00e9s et plus encore<\/p>\n<h5>R\u00e9sumer<br \/>\nSoyez \u00e0 jour rapidement.<\/h5>\n<p>Utilisez Gemini pour r\u00e9sumer vos messages non lus dans Gmail, votre contenu dans Google Disque et plus encore<\/p>\n<h5>Trouvez des renseignements et naviguez d&#8217;une appli \u00e0 l&#8217;autre<br \/>\nUn seul endroit pour tout faire.<\/h5>\n<p>Gemini vous aide \u00e0 trouver de l\u2019information dans vos applis Google, p.\u00a0ex. en extrayant les d\u00e9tails d&#8217;une f\u00eate dans Gmail et en sugg\u00e9rant des fleuristes \u00e0 proximit\u00e9 dans Maps<\/p>\n<h5>Trouvez des r\u00e9ponses \u00e0 ce qui s&#8217;affiche \u00e0 l&#8217;\u00e9cran<br \/>\nObtenez des r\u00e9ponses, sans attendre<\/h5>\n<p>Clavardez avec Gemini pour obtenir rapidement plus de renseignements. Maintenez l&#8217;interrupteur enfonc\u00e9 pour utiliser Gemini directement dans votre appli ou sur votre \u00e9cran1<\/p>\n<h5>Apprenez-en plus sur quelque chose dans la vraie vie<br \/>\nObtenez des r\u00e9ponses \u00e0 vos questions de la vraie vie.<\/h5>\n<p>Prenez une photo et utilisez Gemini pour obtenir des r\u00e9ponses\u00a0: trouvez des conseils pour sauver une plante ou une recette utilisant les ingr\u00e9dients de votre frigo1<\/p>\n<h5>Encercler et rechercher<br \/>\nEncerclez et recherchez des \u00e9l\u00e9ments. Wow.<\/h5>\n<p>Encerclez simplement un \u00e9l\u00e9ment pour lequel vous voulez plus d\u2019information sur une image, dans du texte ou une vid\u00e9o. La fonctionnalit\u00e9 Encercler et rechercher est con\u00e7ue pour que le Pixel trouve rapidement l&#8217;\u00e9l\u00e9ment en question \u00e0 partir de l&#8217;appli que vous utilisez<\/p>\n<h5>Aide \u00e0 la cr\u00e9ation d&#8217;une liste (dans Keep)<br \/>\nFaites des listes avec beaucoup d&#8217;aide.<\/h5>\n<p>Keep peut vous aider \u00e0 planifier des activit\u00e9s, \u00e0 faire vos valises et \u00e0 magasiner en cr\u00e9ant des listes intelligentes adapt\u00e9es \u00e0 vos besoins1.<\/p>\n<h4>Fonctionnalit\u00e9s de s\u00e9curit\u00e9<\/h4>\n<h5>Appel d&#8217;urgence<br \/>\nObtenez de l\u2019aide en cas d&#8217;urgence.<\/h5>\n<p>En cas d&#8217;urgence, appuyez cinq fois sur l&#8217;interrupteur. L\u2019appli S\u00e9curit\u00e9 personnelle du Pixel peut se configurer pour appeler les services d&#8217;urgence et partager votre position avec vos contacts<\/p>\n<h5>Alertes de crise<br \/>\nLe Pixel vous donne une longueur d&#8217;avance.<\/h5>\n<p>L\u2019appli S\u00e9curit\u00e9 personnelle du Pixel peut se configurer pour vous tenir au courant des risques \u00e0 proximit\u00e9, comme les inondations, les incendies ou les tornades. Elle peut aussi envoyer des mises \u00e0 jour pour aider \u00e0 ce que votre famille, vos amis et vous demeuriez en s\u00e9curit\u00e91.<\/p>\n<h5>D\u00e9tection d&#8217;accident de voiture<br \/>\nD\u00e9tecte un accident de voiture. Et peut appeler \u00e0 l&#8217;aide.<\/h5>\n<p>Le Pixel est d\u00e9velopp\u00e9 pour d\u00e9tecter si vous avez \u00e9t\u00e9 victime d&#8217;un grave accident de voiture. Il peut appeler les services d&#8217;urgence, partager votre position et avertir vos contacts d&#8217;urgence<\/p>\n<h4>Fonctionnalit\u00e9s de protection contre les pourriels et les escroqueries<\/h4>\n<h5>Filtrage d&#8217;appels (manuel) \u2013 Reste du monde<br \/>\nLe Pixel vous aide \u00e0 \u00e9viter les appels ind\u00e9sirables.<\/h5>\n<p>Le Filtrage d&#8217;appels peut d\u00e9tecter et filtrer les appels ind\u00e9sirables. Il identifie les appelants inconnus et la raison de l&#8217;appel. Vous pouvez alors d\u00e9cider de r\u00e9pondre ou non1<\/p>\n<h5>Protection contre les pourriels, les escroqueries et l&#8217;hame\u00e7onnage dans Messages<br \/>\nLe Pixel permet de s\u00e9curiser vos messages.<\/h5>\n<p>Le Pixel vous aide \u00e0 vous prot\u00e9ger contre les pourriels, les escroqueries et l&#8217;hame\u00e7onnage dans Messages<\/p>\n<h5>Navigation s\u00e9curis\u00e9e<br \/>\nProtection contre les menaces sur le Web.<br \/>\nLe Pixel vous avertit des menaces sur le Web.<\/h5>\n<p>La Navigation s\u00e9curis\u00e9e Google aide \u00e0 vous prot\u00e9ger contre l&#8217;hame\u00e7onnage, les logiciels malveillants et les sites trompeurs. Le Pixel vous alerte si vous acc\u00e9dez \u00e0 un site ou \u00e0 un fichier malveillant<\/p>\n<h4>Fonctionnalit\u00e9s pour une conception durable<\/h4>\n<h5>Ajouts de fonctionnalit\u00e9s au Pixel<br \/>\nDes ajouts de fonctionnalit\u00e9s qui rendent le Pixel comme neuf.<\/h5>\n<p>Votre Pixel devient encore plus utile gr\u00e2ce aux ajouts automatiques de fonctionnalit\u00e9s (fonctionnalit\u00e9s pour l&#8217;appareil photo, outils utiles,\u00a0etc.) et s&#8217;am\u00e9liore au fil du temps<\/p>\n<h5>Sept ans d&#8217;assistance<br \/>\nLe Pixel devient encore plus utile au fil du temps<\/h5>\n<p>Votre nouveau Pixel offre sept ans de mises \u00e0 jour de s\u00e9curit\u00e9 et du syst\u00e8me d&#8217;exploitation ainsi que des fonctionnalit\u00e9s nouvelles et mises \u00e0 niveau gr\u00e2ce aux ajouts de fonctionnalit\u00e9s1<\/p>\n<h5>Durabilit\u00e9<br \/>\nCon\u00e7u en tenant compte de l\u2019environnement.<\/h5>\n<p>Le Pixel\u00a09 contient des m\u00e9taux, du verre et du plastique recycl\u00e9s. Le cadre du Pixel est fait d&#8217;aluminium recycl\u00e9 \u00e0 100\u00a0%. Et l&#8217;emballage de Google est compos\u00e9 \u00e0 100\u00a0% de mat\u00e9riaux sans plastique.<\/p>\n","protected":false},"excerpt":{"rendered":"<p>D\u00e9couvrez le Pixel\u00a09\u00a0Pro avec Gemini. \u00c9l\u00e9gant et \u00e9poustouflant, c&#8217;est le Pixel le plus puissant \u00e0 ce jour. Prenez des photos et des vid\u00e9os de qualit\u00e9 presque professionnelle avec le syst\u00e8me de triple appareil photo, et effectuez des retouches et des montages d&#8217;expert. D\u00e9velopp\u00e9 par Google, il int\u00e8gre le meilleur de l&#8217;IA de Google en priorit\u00e9. [&hellip;]<\/p>\n","protected":false},"featured_media":3034,"comment_status":"open","ping_status":"closed","template":"","meta":{"_acf_changed":false},"product_brand":[],"product_cat":[71],"product_tag":[],"class_list":{"0":"post-3035","1":"product","2":"type-product","3":"status-publish","4":"has-post-thumbnail","6":"carrier-bell-fr","7":"carrier-fido-fr","8":"carrier-freedom-fr","9":"carrier-koodo-fr","10":"carrier-rogers-fr","11":"carrier-telus-fr","12":"carrier-virgin-plus-fr","13":"brand-google-fr","14":"product_cat-carrier-phones-fr","16":"first","17":"instock","18":"shipping-taxable","19":"product-type-variable"},"acf":[],"aioseo_notices":[],"_links":{"self":[{"href":"https:\/\/www.wireless.walmart.ca\/fr\/wp-json\/wp\/v2\/product\/3035","targetHints":{"allow":["GET"]}}],"collection":[{"href":"https:\/\/www.wireless.walmart.ca\/fr\/wp-json\/wp\/v2\/product"}],"about":[{"href":"https:\/\/www.wireless.walmart.ca\/fr\/wp-json\/wp\/v2\/types\/product"}],"replies":[{"embeddable":true,"href":"https:\/\/www.wireless.walmart.ca\/fr\/wp-json\/wp\/v2\/comments?post=3035"}],"wp:featuredmedia":[{"embeddable":true,"href":"https:\/\/www.wireless.walmart.ca\/fr\/wp-json\/wp\/v2\/media\/3034"}],"wp:attachment":[{"href":"https:\/\/www.wireless.walmart.ca\/fr\/wp-json\/wp\/v2\/media?parent=3035"}],"wp:term":[{"taxonomy":"product_brand","embeddable":true,"href":"https:\/\/www.wireless.walmart.ca\/fr\/wp-json\/wp\/v2\/product_brand?post=3035"},{"taxonomy":"product_cat","embeddable":true,"href":"https:\/\/www.wireless.walmart.ca\/fr\/wp-json\/wp\/v2\/product_cat?post=3035"},{"taxonomy":"product_tag","embeddable":true,"href":"https:\/\/www.wireless.walmart.ca\/fr\/wp-json\/wp\/v2\/product_tag?post=3035"}],"curies":[{"name":"wp","href":"https:\/\/api.w.org\/{rel}","templated":true}]}}