{"id":3226,"date":"2025-02-07T17:34:38","date_gmt":"2025-02-07T17:34:38","guid":{"rendered":"https:\/\/www.wireless.walmart.ca\/?post_type=product&#038;p=3226"},"modified":"2025-04-30T14:48:16","modified_gmt":"2025-04-30T14:48:16","slug":"samsung-galaxy-s25","status":"publish","type":"product","link":"https:\/\/www.wireless.walmart.ca\/fr\/product\/samsung-galaxy-s25\/","title":{"rendered":"Samsung Galaxy S25"},"content":{"rendered":"<h4>Imaginez un nouveau t\u00e9l\u00e9phone qui simplifie r\u00e9ellement votre quotidien. Le Galaxy S25 ne fait pas que garder votre monde \u00e0 un endroit; il utilise l\u2019IA pour simplifier intuitivement votre vie.<br \/>\nEt si vous pouviez planifier une sortie en soir\u00e9e avec vos amis en une seule simple commande? Votre assistant personnel trouvera le meilleur endroit et leur enverra par message texte. Vous souhaitez garder un oeil sur votre journ\u00e9e occup\u00e9e \u00e0 venir? Le S25 vous pr\u00e9sente les renseignements dont vous avez besoin avant m\u00eame de savoir que vous en avez besoin gr\u00e2ce \u00e0 En bref. Vous voulez \u00e9pater la galerie avec votre contenu? Prenez et organisez des photos dignes d\u2019\u00eatre publi\u00e9es chaque fois gr\u00e2ce \u00e0 un appareil photo haute r\u00e9solution incroyable. Vous cherchez un t\u00e9l\u00e9phone qui peut r\u00e9ellement garder le rythme? Le S25 est dot\u00e9 d\u2019une batterie longue dur\u00e9e.<br \/>\nEt si vous pouviez profiter d\u2019une technologie \u00e9pique qui facilite votre quotidien? Le Galaxy Paradigm S25 fait exactement cela.<\/h4>\n<p>&nbsp;<\/p>\n","protected":false},"excerpt":{"rendered":"<p>Imaginez un nouveau t\u00e9l\u00e9phone qui simplifie r\u00e9ellement votre quotidien. Le Galaxy S25 ne fait pas que garder votre monde \u00e0 un endroit; il utilise l\u2019IA pour simplifier intuitivement votre vie. Et si vous pouviez planifier une sortie en soir\u00e9e avec vos amis en une seule simple commande? Votre assistant personnel trouvera le meilleur endroit et [&hellip;]<\/p>\n","protected":false},"featured_media":3750,"comment_status":"open","ping_status":"closed","template":"","meta":{"_acf_changed":false},"product_brand":[],"product_cat":[71],"product_tag":[],"class_list":{"0":"post-3226","1":"product","2":"type-product","3":"status-publish","4":"has-post-thumbnail","6":"carrier-bell-fr","7":"carrier-fido-fr","8":"carrier-freedom-fr","9":"carrier-koodo-fr","10":"carrier-rogers-fr","11":"carrier-telus-fr","12":"carrier-virgin-plus-fr","13":"brand-samsung-fr","14":"product_cat-carrier-phones-fr","16":"first","17":"instock","18":"shipping-taxable","19":"product-type-variable"},"acf":[],"aioseo_notices":[],"_links":{"self":[{"href":"https:\/\/www.wireless.walmart.ca\/fr\/wp-json\/wp\/v2\/product\/3226","targetHints":{"allow":["GET"]}}],"collection":[{"href":"https:\/\/www.wireless.walmart.ca\/fr\/wp-json\/wp\/v2\/product"}],"about":[{"href":"https:\/\/www.wireless.walmart.ca\/fr\/wp-json\/wp\/v2\/types\/product"}],"replies":[{"embeddable":true,"href":"https:\/\/www.wireless.walmart.ca\/fr\/wp-json\/wp\/v2\/comments?post=3226"}],"wp:featuredmedia":[{"embeddable":true,"href":"https:\/\/www.wireless.walmart.ca\/fr\/wp-json\/wp\/v2\/media\/3750"}],"wp:attachment":[{"href":"https:\/\/www.wireless.walmart.ca\/fr\/wp-json\/wp\/v2\/media?parent=3226"}],"wp:term":[{"taxonomy":"product_brand","embeddable":true,"href":"https:\/\/www.wireless.walmart.ca\/fr\/wp-json\/wp\/v2\/product_brand?post=3226"},{"taxonomy":"product_cat","embeddable":true,"href":"https:\/\/www.wireless.walmart.ca\/fr\/wp-json\/wp\/v2\/product_cat?post=3226"},{"taxonomy":"product_tag","embeddable":true,"href":"https:\/\/www.wireless.walmart.ca\/fr\/wp-json\/wp\/v2\/product_tag?post=3226"}],"curies":[{"name":"wp","href":"https:\/\/api.w.org\/{rel}","templated":true}]}}