{"id":3338,"date":"2025-02-07T19:51:02","date_gmt":"2025-02-07T19:51:02","guid":{"rendered":"https:\/\/www.wireless.walmart.ca\/?post_type=product&#038;p=3338"},"modified":"2025-02-07T21:09:35","modified_gmt":"2025-02-07T21:09:35","slug":"samsung-galaxy-s25-ultra","status":"publish","type":"product","link":"https:\/\/www.wireless.walmart.ca\/fr\/product\/samsung-galaxy-s25-ultra\/","title":{"rendered":"Samsung Galaxy S25 Ultra"},"content":{"rendered":"<h4>Le Samsung Galaxy S25 UIltra s\u2019occupe des petits d\u00e9tails pour que vous puissiez vous concentrer \u00e0 rester dans le moment pr\u00e9sent. Accomplissez plusieurs t\u00e2ches en une commande et obtenez des conseils utiles tout au long de votre journ\u00e9e pour vous permettre de garder une longueur d\u2019avance. Simplifiez-vous la vie avec une IA qui \u00e9volue \u00e0 vos c\u00f4t\u00e9s afin de mieux vous aider.<\/h4>\n<p>&nbsp;<\/p>\n","protected":false},"excerpt":{"rendered":"<p>Le Samsung Galaxy S25 UIltra s\u2019occupe des petits d\u00e9tails pour que vous puissiez vous concentrer \u00e0 rester dans le moment pr\u00e9sent. Accomplissez plusieurs t\u00e2ches en une commande et obtenez des conseils utiles tout au long de votre journ\u00e9e pour vous permettre de garder une longueur d\u2019avance. Simplifiez-vous la vie avec une IA qui \u00e9volue \u00e0 [&hellip;]<\/p>\n","protected":false},"featured_media":3819,"comment_status":"open","ping_status":"closed","template":"","meta":{"_acf_changed":false},"product_brand":[],"product_cat":[71],"product_tag":[],"class_list":{"0":"post-3338","1":"product","2":"type-product","3":"status-publish","4":"has-post-thumbnail","6":"carrier-bell-fr","7":"carrier-fido-fr","8":"carrier-freedom-fr","9":"carrier-koodo-fr","10":"carrier-rogers-fr","11":"carrier-telus-fr","12":"carrier-virgin-plus-fr","13":"brand-samsung-fr","14":"product_cat-carrier-phones-fr","16":"first","17":"instock","18":"shipping-taxable","19":"product-type-variable"},"acf":[],"aioseo_notices":[],"_links":{"self":[{"href":"https:\/\/www.wireless.walmart.ca\/fr\/wp-json\/wp\/v2\/product\/3338","targetHints":{"allow":["GET"]}}],"collection":[{"href":"https:\/\/www.wireless.walmart.ca\/fr\/wp-json\/wp\/v2\/product"}],"about":[{"href":"https:\/\/www.wireless.walmart.ca\/fr\/wp-json\/wp\/v2\/types\/product"}],"replies":[{"embeddable":true,"href":"https:\/\/www.wireless.walmart.ca\/fr\/wp-json\/wp\/v2\/comments?post=3338"}],"wp:featuredmedia":[{"embeddable":true,"href":"https:\/\/www.wireless.walmart.ca\/fr\/wp-json\/wp\/v2\/media\/3819"}],"wp:attachment":[{"href":"https:\/\/www.wireless.walmart.ca\/fr\/wp-json\/wp\/v2\/media?parent=3338"}],"wp:term":[{"taxonomy":"product_brand","embeddable":true,"href":"https:\/\/www.wireless.walmart.ca\/fr\/wp-json\/wp\/v2\/product_brand?post=3338"},{"taxonomy":"product_cat","embeddable":true,"href":"https:\/\/www.wireless.walmart.ca\/fr\/wp-json\/wp\/v2\/product_cat?post=3338"},{"taxonomy":"product_tag","embeddable":true,"href":"https:\/\/www.wireless.walmart.ca\/fr\/wp-json\/wp\/v2\/product_tag?post=3338"}],"curies":[{"name":"wp","href":"https:\/\/api.w.org\/{rel}","templated":true}]}}