{"id":3433,"date":"2025-02-27T15:13:42","date_gmt":"2025-02-27T15:13:42","guid":{"rendered":"https:\/\/www.wireless.walmart.ca\/?post_type=product&#038;p=3433"},"modified":"2025-04-30T14:18:34","modified_gmt":"2025-04-30T14:18:34","slug":"iphone-16e","status":"publish","type":"product","link":"https:\/\/www.wireless.walmart.ca\/fr\/product\/iphone-16e\/","title":{"rendered":"iPhone 16e"},"content":{"rendered":"<h4>iPhone dernier cri. Prix inou\u00ef.<br \/>\nAutre titre possible<br \/>\nTout ce qu\u2019on aime. \u00c0\u00a0commencer par le\u00a0prix.<\/h4>\n<h4>iPhone\u00a016e est con\u00e7u pour Apple\u00a0Intelligence et propuls\u00e9 par la puce\u00a0A18. Sa cam\u00e9ra Fusion 48\u00a0Mpx vous permet de prendre des photos extra haute d\u00e9finition. Et avec l\u2019autonomie de taille, vous avez plus de temps pour texter, naviguer et en faire plus encore.<\/h4>\n<h4><\/h4>\n<h5>CON\u00c7U POUR APPLE\u00a0INTELLIGENCE<\/h5>\n<p>Personnel, priv\u00e9, puissant. \u00c9crivez, exprimez-vous et faites-en plus encore sans effort.<\/p>\n<h5>PUCE\u00a0A18, ALLER SIMPLE VERS LE FUTUR<\/h5>\n<p>La puce\u00a0A18 propulse Apple\u00a0Intelligence, les jeux, et les mises \u00e0\u00a0jour r\u00e9guli\u00e8res d\u2019iOS afin que votre iPhone reste comme neuf pendant des ann\u00e9es.<\/p>\n<h5>AUTONOMIE DE TAILLE<\/h5>\n<p>Textez, naviguez et regardez vos films et s\u00e9ries en rafale avec une autonomie offrant jusqu\u2019\u00e0 26\u00a0heures de lecture vid\u00e9o\u00a0\u2013 du jamais vu sur un iPhone\u00a06,1\u00a0po.<\/p>\n<h5>CAM\u00c9RAS<\/h5>\n<p>Le syst\u00e8me cam\u00e9ra deux-en-un int\u00e8gre une cam\u00e9ra Fusion 48\u00a0Mpx pour des photos extra haute d\u00e9finition, ainsi qu\u2019un t\u00e9l\u00e9objectif\u00a02x de qualit\u00e9 optique. Et la cam\u00e9ra avant 12\u00a0Mpx capte des selfies \u00e0\u00a0couper le souffle.<\/p>\n<h5>DESIGN DURABLE, \u00c9CRAN BRILLANT<\/h5>\n<p>Superbe \u00e9cran 6,1\u00a0po avec technologie OLED. Et face avant en Ceramic Shield, plus solide que le verre de n\u2019importe quel t\u00e9l\u00e9phone.<\/p>\n<h5>BOUTON ACTION<\/h5>\n<p>Un acc\u00e8s personnalisable et instantan\u00e9 \u00e0\u00a0votre app ou fonctionnalit\u00e9 pr\u00e9f\u00e9r\u00e9e, ou \u00e0\u00a0l\u2019intelligence visuelle pour vous renseigner sur ce qui vous entoure.<\/p>\n<h5>BIEN \u00c0\u00a0VOUS<\/h5>\n<p>Avec iOS\u00a018, vous pouvez personnaliser l\u2019\u00e9cran d\u2019accueil et l\u2019\u00e9cran verrouill\u00e9, ajouter des effets sur texte \u00e0\u00a0vos messages, choisir n\u2019importe quel \u00e9moji dans Tapback et en faire plus encore.<\/p>\n<h5>FONCTIONNALIT\u00c9S PAR SATELLITE<\/h5>\n<p>En l\u2019absence de r\u00e9seau cellulaire ou Wi-Fi, iPhone peut envoyer des messages par satellite et contacter les services d\u2019urgence.<\/p>\n<h5>CONFIDENTIALIT\u00c9<\/h5>\n<p>Utilisez Face\u00a0ID pour d\u00e9verrouiller votre appareil, vous connecter et payer en toute s\u00e9curit\u00e9.<\/p>\n","protected":false},"excerpt":{"rendered":"<p>iPhone dernier cri. Prix inou\u00ef. Autre titre possible Tout ce qu\u2019on aime. \u00c0\u00a0commencer par le\u00a0prix. iPhone\u00a016e est con\u00e7u pour Apple\u00a0Intelligence et propuls\u00e9 par la puce\u00a0A18. Sa cam\u00e9ra Fusion 48\u00a0Mpx vous permet de prendre des photos extra haute d\u00e9finition. Et avec l\u2019autonomie de taille, vous avez plus de temps pour texter, naviguer et en faire plus [&hellip;]<\/p>\n","protected":false},"featured_media":3780,"comment_status":"open","ping_status":"closed","template":"","meta":{"_acf_changed":false},"product_brand":[],"product_cat":[71],"product_tag":[],"class_list":{"0":"post-3433","1":"product","2":"type-product","3":"status-publish","4":"has-post-thumbnail","6":"carrier-bell-fr","7":"carrier-fido-fr","8":"carrier-freedom-fr","9":"carrier-koodo-fr","10":"carrier-rogers-fr","11":"carrier-telus-fr","12":"carrier-virgin-plus-fr","13":"brand-apple-fr","14":"product_cat-carrier-phones-fr","16":"first","17":"instock","18":"shipping-taxable","19":"product-type-variable"},"acf":[],"aioseo_notices":[],"_links":{"self":[{"href":"https:\/\/www.wireless.walmart.ca\/fr\/wp-json\/wp\/v2\/product\/3433","targetHints":{"allow":["GET"]}}],"collection":[{"href":"https:\/\/www.wireless.walmart.ca\/fr\/wp-json\/wp\/v2\/product"}],"about":[{"href":"https:\/\/www.wireless.walmart.ca\/fr\/wp-json\/wp\/v2\/types\/product"}],"replies":[{"embeddable":true,"href":"https:\/\/www.wireless.walmart.ca\/fr\/wp-json\/wp\/v2\/comments?post=3433"}],"wp:featuredmedia":[{"embeddable":true,"href":"https:\/\/www.wireless.walmart.ca\/fr\/wp-json\/wp\/v2\/media\/3780"}],"wp:attachment":[{"href":"https:\/\/www.wireless.walmart.ca\/fr\/wp-json\/wp\/v2\/media?parent=3433"}],"wp:term":[{"taxonomy":"product_brand","embeddable":true,"href":"https:\/\/www.wireless.walmart.ca\/fr\/wp-json\/wp\/v2\/product_brand?post=3433"},{"taxonomy":"product_cat","embeddable":true,"href":"https:\/\/www.wireless.walmart.ca\/fr\/wp-json\/wp\/v2\/product_cat?post=3433"},{"taxonomy":"product_tag","embeddable":true,"href":"https:\/\/www.wireless.walmart.ca\/fr\/wp-json\/wp\/v2\/product_tag?post=3433"}],"curies":[{"name":"wp","href":"https:\/\/api.w.org\/{rel}","templated":true}]}}