{"id":3878,"date":"2025-09-15T16:04:04","date_gmt":"2025-09-15T16:04:04","guid":{"rendered":"https:\/\/www.wireless.walmart.ca\/?post_type=product&#038;p=3878"},"modified":"2026-03-09T13:29:11","modified_gmt":"2026-03-09T13:29:11","slug":"iphone-air","status":"publish","type":"product","link":"https:\/\/www.wireless.walmart.ca\/fr\/product\/iphone-air\/","title":{"rendered":"iPhone Air"},"content":{"rendered":"<h4>iPhone\u00a0Air. L\u2019iPhone le plus fin. \u00c9cran de 6,5\u00a0po, Ceramic Shield durable \u00e0\u00a0l\u2019avant et \u00e0\u00a0l&#8217;arri\u00e8re, puce A19\u00a0Pro, syst\u00e8me cam\u00e9ra Fusion 48\u00a0Mpx et nouvelle cam\u00e9ra avant Center Stage.<\/h4>\n<p>&nbsp;<\/p>\n<h5>\u2022 SI FIN. SI L\u00c9GER. ET TELLEMENT FORT.<\/h5>\n<p>L\u2019iPhone le plus fin, avec la puissante puce A19 Pro. \u00c0 5,6 mm, iPhone Air est si mince et l\u00e9ger qu\u2019il dispara\u00eet presque entre vos mains.<\/p>\n<h5>\u2022 SURPASSE TOUS LES IPHONE PR\u00c9C\u00c9DENTS EN TERMES DE DURABILIT\u00c9<\/h5>\n<p>Cadre en titane ultral\u00e9ger. Ceramic Shield Prot\u00e8ge l\u2019arri\u00e8re d\u2019iPhone Air en le rendant 4x plus r\u00e9sistant aux fissures2. Et \u00e0 l\u2019avant, le nouveau Ceramic Shield 2 offre 3x la r\u00e9sistance aux \u00e9gratignures3.<\/p>\n<h5>\u2022 DEUX CAM\u00c9RAS DE POINTE EN UNE<\/h5>\n<p>Syst\u00e8me cam\u00e9ra Fusion 48 Mpx avec zoom 2x de qualit\u00e9 optique. Pour cadrer vos photos \u00e0 la perfection, sans bouger d\u2019o\u00f9 vous \u00eates.<\/p>\n<h5>\u2022 CAM\u00c9RA AVANT CENTER STAGE 18 MPX<\/h5>\n<p>Options de cadrage flexibles, selfies de groupe optimis\u00e9s, vid\u00e9o double capture pour un enregistrement avant et arri\u00e8re en simultan\u00e9, et plus encore.<\/p>\n<h5>\u2022 PUCE A19 PRO. VITESSE FULGURANTE. SUPER EFFICIENCE.<\/h5>\n<p>La plus efficace des puces pour iPhone \u00e0 ce jour. De solides performances dans un design incroyablement fin et l\u00e9ger.<\/p>\n<h5>\u2022 AUTONOMIE D\u2019UNE JOURN\u00c9E<\/h5>\n<p>Une journ\u00e9e d\u2019autonomie et jusqu\u2019\u00e0 27 heures de lecture vid\u00e9o.<\/p>\n<h5>\u2022 iOS 26. LOOK R\u00c9INVENT\u00c9, MAGIE D\u00c9CUPL\u00c9E.<\/h5>\n<p>Nouveau design avec Liquid Glass. \u00c9clatant, familier, de toute beaut\u00e9. Avec \u00e9cran verrouill\u00e9 plus brillant, fonds d\u2019\u00e9cran et sondages personnalisables dans Messages, Filtrage d\u2019appels et plus encore.<\/p>\n<h5>\u2022 CON\u00c7U POUR APPLE INTELLIGENCE<\/h5>\n<p>Personnel, priv\u00e9, puissant. \u00c9crivez, exprimez-vous et faites-en plus encore sans effort.<\/p>\n<h5>\u2022 FONCTIONNALIT\u00c9S PAR SATELLITE<\/h5>\n<p>En l\u2019absence de r\u00e9seau cellulaire ou Wi-Fi, iPhone peut se connecter \u00e0 un satellite pour vous permettre d\u2019envoyer et recevoir des textos ou des Tapback. Et en cas d\u2019accident de voiture grave, il peut contacter les secours si vous n\u2019\u00eates pas en mesure de le faire.<\/p>\n<h5>\u2022 CONNECTIVIT\u00c9 \u00c9CLAIR<\/h5>\n<p>Profitez d\u2019une connexion rapide et s\u00e9curitaire gr\u00e2ce aux connectivit\u00e9s Wi-Fi 79, 5G10 et Bluetooth 6 et \u00e0 l\u2019eSIM.<\/p>\n<h5>\u2022 eSIM : FLEXIBILIT\u00c9. S\u00c9CURIT\u00c9. SIMPLICIT\u00c9.<\/h5>\n<p>iPhone 17 Pro Max est activ\u00e9 par eSIM. Les cartes eSIM vous donnent acc\u00e8s \u00e0 une connectivit\u00e9 constante avec une flexibilit\u00e9, une commodit\u00e9 et une s\u00e9curit\u00e9 accrues, notamment quand vous voyagez \u00e0 l\u2019\u00e9tranger.<\/p>\n<h5>\u2022 CONFIDENTIALIT\u00c9<\/h5>\n<p>S\u00e9curit\u00e9 et confidentialit\u00e9 de niveau sup\u00e9rieur. Int\u00e9gr\u00e9es.<\/p>\n","protected":false},"excerpt":{"rendered":"<p>iPhone\u00a0Air. L\u2019iPhone le plus fin. \u00c9cran de 6,5\u00a0po, Ceramic Shield durable \u00e0\u00a0l\u2019avant et \u00e0\u00a0l&#8217;arri\u00e8re, puce A19\u00a0Pro, syst\u00e8me cam\u00e9ra Fusion 48\u00a0Mpx et nouvelle cam\u00e9ra avant Center Stage. &nbsp; \u2022 SI FIN. SI L\u00c9GER. ET TELLEMENT FORT. L\u2019iPhone le plus fin, avec la puissante puce A19 Pro. \u00c0 5,6 mm, iPhone Air est si mince et l\u00e9ger [&hellip;]<\/p>\n","protected":false},"featured_media":3855,"comment_status":"open","ping_status":"closed","template":"","meta":{"_acf_changed":false},"product_brand":[],"product_cat":[71],"product_tag":[],"class_list":{"0":"post-3878","1":"product","2":"type-product","3":"status-publish","4":"has-post-thumbnail","6":"carrier-bell-fr","7":"carrier-fido-fr","8":"carrier-freedom-fr","9":"carrier-koodo-fr","10":"carrier-rogers-fr","11":"carrier-telus-fr","12":"carrier-virgin-plus-fr","13":"brand-apple-fr","14":"product_cat-carrier-phones-fr","16":"first","17":"instock","18":"shipping-taxable","19":"product-type-variable"},"acf":[],"aioseo_notices":[],"_links":{"self":[{"href":"https:\/\/www.wireless.walmart.ca\/fr\/wp-json\/wp\/v2\/product\/3878","targetHints":{"allow":["GET"]}}],"collection":[{"href":"https:\/\/www.wireless.walmart.ca\/fr\/wp-json\/wp\/v2\/product"}],"about":[{"href":"https:\/\/www.wireless.walmart.ca\/fr\/wp-json\/wp\/v2\/types\/product"}],"replies":[{"embeddable":true,"href":"https:\/\/www.wireless.walmart.ca\/fr\/wp-json\/wp\/v2\/comments?post=3878"}],"wp:featuredmedia":[{"embeddable":true,"href":"https:\/\/www.wireless.walmart.ca\/fr\/wp-json\/wp\/v2\/media\/3855"}],"wp:attachment":[{"href":"https:\/\/www.wireless.walmart.ca\/fr\/wp-json\/wp\/v2\/media?parent=3878"}],"wp:term":[{"taxonomy":"product_brand","embeddable":true,"href":"https:\/\/www.wireless.walmart.ca\/fr\/wp-json\/wp\/v2\/product_brand?post=3878"},{"taxonomy":"product_cat","embeddable":true,"href":"https:\/\/www.wireless.walmart.ca\/fr\/wp-json\/wp\/v2\/product_cat?post=3878"},{"taxonomy":"product_tag","embeddable":true,"href":"https:\/\/www.wireless.walmart.ca\/fr\/wp-json\/wp\/v2\/product_tag?post=3878"}],"curies":[{"name":"wp","href":"https:\/\/api.w.org\/{rel}","templated":true}]}}