{"id":3940,"date":"2025-09-15T18:48:04","date_gmt":"2025-09-15T18:48:04","guid":{"rendered":"https:\/\/www.wireless.walmart.ca\/?post_type=product&#038;p=3940"},"modified":"2025-11-03T19:18:08","modified_gmt":"2025-11-03T19:18:08","slug":"iphone-17","status":"publish","type":"product","link":"https:\/\/www.wireless.walmart.ca\/fr\/product\/iphone-17\/","title":{"rendered":"iPhone 17"},"content":{"rendered":"<h4>Gamme chromagique.<\/h4>\n<h4>iPhone\u00a017. Encore plus durable. Encore plus divin. \u00c9cran 6,3\u00a0po avec ProMotion, Ceramic Shield , cam\u00e9ras arri\u00e8re 48 Mpx, cam\u00e9ra avant Center Stage, puce A19, et bien plus.<\/h4>\n<p>&nbsp;<\/p>\n<h5>\u2022 CON\u00c7U POUR \u00c9PATER. PAR\u00c9 POUR DURER.<\/h5>\n<p>Offert en 5 magnifiques couleurs, iPhone 17 est dot\u00e9 d\u2019un \u00e9cran 6,3 po plus \u00e9clatant et d\u2019une face avant en Ceramic Shield 2 avec 3x la r\u00e9sistance aux \u00e9gratignures.<\/p>\n<h5>\u2022 \u00c9CRAN 6,3 PO AVEC PROMOTION. LUMINOSIT\u00c9. \u00c9CLAT.<\/h5>\n<p>D\u00e9filement fluide avec ProMotion jusqu\u2019\u00e0 120 Hz, des contrastes plus marqu\u00e9s \u00e0 l\u2019ext\u00e9rieur avec pics de luminosit\u00e9 jusqu\u2019\u00e0 3 000 nits et 33 % moins de reflets1.<\/p>\n<h5>\u2022 SUPERBES PHOTOS<\/h5>\n<p>Prenez des photos extra haute d\u00e9finition par d\u00e9faut avec le syst\u00e8me \u00e0 deux cam\u00e9ras Fusion 48 Mpx, le zoom optique 2x et la cam\u00e9ra ultra grand-angle Fusion 48 Mpx.<\/p>\n<h5>\u2022 CAM\u00c9RA AVANT CENTER STAGE 18 MPX<\/h5>\n<p>Options de cadrage flexibles, selfies de groupe optimis\u00e9s, vid\u00e9o double capture pour un enregistrement avant et arri\u00e8re en simultan\u00e9, et plus encore.<\/p>\n<h5>\u2022 PUCE A19. PUISSANCE TURBO. EFFET DYNAMO.<\/h5>\n<p>Le processeur graphique 5 c\u0153urs et le Neural Engine avanc\u00e9 propulsent tout ce que vous faites sur iPhone, d\u2019Apple Intelligence3 aux jeux AAA.<\/p>\n<h5>\u2022 VITE RECHARG\u00c9, CON\u00c7U POUR DURER.<\/h5>\n<p>Autonomie d\u2019une journ\u00e9e offrant jusqu\u2019\u00e0 30 heures de lecture vid\u00e9o. Jusqu\u2019\u00e0 50 % de charge en 20 minutes5.<\/p>\n<h5>\u2022 iOS 26. LOOK R\u00c9INVENT\u00c9, MAGIE D\u00c9CUPL\u00c9E.<\/h5>\n<p>Nouveau design avec Liquid Glass. \u00c9clatant, familier, de toute beaut\u00e9. Avec \u00e9cran verrouill\u00e9 plus brillant, fonds d\u2019\u00e9cran et sondages personnalisables dans Messages, Filtrage d\u2019appels et plus encore.<\/p>\n<h5>\u2022 CON\u00c7U POUR APPLE INTELLIGENCE<\/h5>\n<p>Personnel, priv\u00e9, puissant. \u00c9crivez, exprimez-vous et faites-en plus sans effort.<\/p>\n<h5>\u2022 FONCTIONNALIT\u00c9S PAR SATELLITE<\/h5>\n<p>En l\u2019absence de r\u00e9seau cellulaire ou Wi-Fi, iPhone peut se connecter \u00e0 un satellite pour vous permettre d\u2019envoyer et recevoir des textos ou des Tapback. Et en cas d\u2019accident de voiture grave, il peut contacter les secours si vous n\u2019\u00eates pas en mesure de le faire.<\/p>\n<h5>\u2022 CONNECTIVIT\u00c9 \u00c9CLAIR<\/h5>\n<p>Profitez d\u2019une connexion rapide et s\u00e9curitaire gr\u00e2ce aux connectivit\u00e9s Wi-Fi 79, 5G10 et Bluetooth 6 et \u00e0 l\u2019eSIM.<\/p>\n<h5>\u2022 eSIM : FLEXIBILIT\u00c9. S\u00c9CURIT\u00c9. SIMPLICIT\u00c9.<\/h5>\n<p>iPhone 17 Pro Max est activ\u00e9 par eSIM11. Les cartes eSIM vous donnent acc\u00e8s \u00e0 une connectivit\u00e9 constante avec une flexibilit\u00e9, une commodit\u00e9 et une s\u00e9curit\u00e9 accrues, notamment quand vous voyagez \u00e0 l\u2019\u00e9tranger.<\/p>\n<h5>\u2022 CONFIDENTIALIT\u00c9<\/h5>\n<p>S\u00e9curit\u00e9 et confidentialit\u00e9 de niveau sup\u00e9rieur. Int\u00e9gr\u00e9es.<\/p>\n","protected":false},"excerpt":{"rendered":"<p>Gamme chromagique. iPhone\u00a017. Encore plus durable. Encore plus divin. \u00c9cran 6,3\u00a0po avec ProMotion, Ceramic Shield , cam\u00e9ras arri\u00e8re 48 Mpx, cam\u00e9ra avant Center Stage, puce A19, et bien plus. &nbsp; \u2022 CON\u00c7U POUR \u00c9PATER. PAR\u00c9 POUR DURER. Offert en 5 magnifiques couleurs, iPhone 17 est dot\u00e9 d\u2019un \u00e9cran 6,3 po plus \u00e9clatant et d\u2019une face [&hellip;]<\/p>\n","protected":false},"featured_media":3917,"comment_status":"open","ping_status":"closed","template":"","meta":{"_acf_changed":false},"product_brand":[],"product_cat":[71],"product_tag":[],"class_list":{"0":"post-3940","1":"product","2":"type-product","3":"status-publish","4":"has-post-thumbnail","6":"carrier-bell-fr","7":"carrier-fido-fr","8":"carrier-freedom-fr","9":"carrier-koodo-fr","10":"carrier-rogers-fr","11":"carrier-telus-fr","12":"carrier-virgin-plus-fr","13":"brand-apple-fr","14":"product_cat-carrier-phones-fr","16":"first","17":"instock","18":"shipping-taxable","19":"product-type-variable"},"acf":[],"aioseo_notices":[],"_links":{"self":[{"href":"https:\/\/www.wireless.walmart.ca\/fr\/wp-json\/wp\/v2\/product\/3940","targetHints":{"allow":["GET"]}}],"collection":[{"href":"https:\/\/www.wireless.walmart.ca\/fr\/wp-json\/wp\/v2\/product"}],"about":[{"href":"https:\/\/www.wireless.walmart.ca\/fr\/wp-json\/wp\/v2\/types\/product"}],"replies":[{"embeddable":true,"href":"https:\/\/www.wireless.walmart.ca\/fr\/wp-json\/wp\/v2\/comments?post=3940"}],"wp:featuredmedia":[{"embeddable":true,"href":"https:\/\/www.wireless.walmart.ca\/fr\/wp-json\/wp\/v2\/media\/3917"}],"wp:attachment":[{"href":"https:\/\/www.wireless.walmart.ca\/fr\/wp-json\/wp\/v2\/media?parent=3940"}],"wp:term":[{"taxonomy":"product_brand","embeddable":true,"href":"https:\/\/www.wireless.walmart.ca\/fr\/wp-json\/wp\/v2\/product_brand?post=3940"},{"taxonomy":"product_cat","embeddable":true,"href":"https:\/\/www.wireless.walmart.ca\/fr\/wp-json\/wp\/v2\/product_cat?post=3940"},{"taxonomy":"product_tag","embeddable":true,"href":"https:\/\/www.wireless.walmart.ca\/fr\/wp-json\/wp\/v2\/product_tag?post=3940"}],"curies":[{"name":"wp","href":"https:\/\/api.w.org\/{rel}","templated":true}]}}