{"id":4030,"date":"2025-09-15T20:38:11","date_gmt":"2025-09-15T20:38:11","guid":{"rendered":"https:\/\/www.wireless.walmart.ca\/?post_type=product&#038;p=4030"},"modified":"2026-03-09T13:24:39","modified_gmt":"2026-03-09T13:24:39","slug":"iphone-17-pro","status":"publish","type":"product","link":"https:\/\/www.wireless.walmart.ca\/fr\/product\/iphone-17-pro\/","title":{"rendered":"iPhone 17 Pro"},"content":{"rendered":"<h4>Pro \u00e0 fond.<br \/>\nLe Pro par excellence.<\/h4>\n<h4>iPhone 17 Pro. L\u2019iPhone le plus puissant jamais cr\u00e9\u00e9. \u00c9cran 6,3 po \u00e9clatant, bo\u00eetier monobloc en aluminium, puce A19 Pro, cam\u00e9ras arri\u00e8re 48 Mpx et autonomie record.<\/h4>\n<p>&nbsp;<\/p>\n<h5>\u2022 DESIGN MONOBLOC. PUISSANCE EXCEPTIONNELLE.<\/h5>\n<p>Bo\u00eetier monobloc en aluminium forg\u00e9 \u00e0 chaud, pour une puissance in\u00e9gal\u00e9e sur iPhone.<\/p>\n<h5>\u2022 CERAMIC SHIELD DURABLE \u00c0 L\u2019AVANT ET \u00c0 L\u2019ARRI\u00c8RE.<\/h5>\n<p>Ceramic Shield Prot\u00e8ge l\u2019arri\u00e8re d\u2019iPhone 17 Pro Max en le rendant 4x plus r\u00e9sistant aux fissures2. Et \u00e0 l\u2019avant, le nouveau Ceramic Shield 2 offre 3x la r\u00e9sistance aux \u00e9gratignures.<\/p>\n<h5>\u2022 LE SYST\u00c8ME CAM\u00c9RA PRO PAR EXCELLENCE<\/h5>\n<p>Avec cam\u00e9ras arri\u00e8re 48 Mpx et zoom 8x de qualit\u00e9 optique \u2013 la plus grande plage de zoom jamais vue sur iPhone. C\u2019est comme avoir 8 objectifs \u00e0 port\u00e9e de main.<\/p>\n<h5>\u2022 CAM\u00c9RA AVANT CENTER STAGE 18 MPX<\/h5>\n<p>Options de cadrage flexibles, selfies de groupe optimis\u00e9s, vid\u00e9o double capture pour un enregistrement avant et arri\u00e8re en simultan\u00e9, et plus encore.<\/p>\n<h5>\u2022 PUCE A19 PRO. REFROIDISSEMENT VAPEUR, VITESSE SUP\u00c9RIEURE.<\/h5>\n<p>La plus puissante des puces iPhone. Performances soutenues jusqu\u2019\u00e0 40 % plus \u00e9lev\u00e9es.<\/p>\n<h5>\u2022 AUTONOMIE RECORD<\/h5>\n<p>Design monobloc offrant beaucoup d\u2019espace pour la batterie et jusqu\u2019\u00e0 33 heures de lecture vid\u00e9o4. Jusqu\u2019\u00e0 50 % de charge en 20 minutes.<\/p>\n<h5>\u2022 iOS 26. LOOK R\u00c9INVENT\u00c9, MAGIE D\u00c9CUPL\u00c9E.<\/h5>\n<p>Nouveau design avec Liquid Glass. \u00c9clatant, familier, de toute beaut\u00e9. Avec \u00e9cran verrouill\u00e9 plus brillant, fonds d\u2019\u00e9cran et sondages personnalisables dans Messages, Filtrage d\u2019appels et plus encore.<\/p>\n<h5>\u2022 CON\u00c7U POUR APPLE INTELLIGENCE<\/h5>\n<p>Personnel, priv\u00e9, puissant. \u00c9crivez, exprimez-vous et faites-en plus sans effort.<\/p>\n<h5>\u2022 FONCTIONNALIT\u00c9S PAR SATELLITE<\/h5>\n<p>En l\u2019absence de r\u00e9seau cellulaire ou Wi-Fi, iPhone peut se connecter \u00e0 un satellite pour vous permettre d\u2019envoyer et recevoir des textos ou des Tapback. Et en cas d\u2019accident de voiture grave, il peut contacter les secours si vous n\u2019\u00eates pas en mesure de le faire.<\/p>\n<h5>\u2022 CONNECTIVIT\u00c9 \u00c9CLAIR<\/h5>\n<p>Profitez d\u2019une connexion rapide et s\u00e9curitaire gr\u00e2ce aux connectivit\u00e9s Wi-Fi 7, 5G et Bluetooth 6 et \u00e0 l\u2019eSIM.<\/p>\n<h5>\u2022 eSIM : FLEXIBILIT\u00c9. S\u00c9CURIT\u00c9. SIMPLICIT\u00c9.<\/h5>\n<p>iPhone 17 Pro Max est activ\u00e9 par eSIM12. Les cartes eSIM vous donnent acc\u00e8s \u00e0 une connectivit\u00e9 constante avec une flexibilit\u00e9, une commodit\u00e9 et une s\u00e9curit\u00e9 accrues, notamment quand vous voyagez \u00e0 l\u2019\u00e9tranger.<\/p>\n<h5>\u2022 CONFIDENTIALIT\u00c9<\/h5>\n<p>S\u00e9curit\u00e9 et confidentialit\u00e9 de niveau sup\u00e9rieur. Int\u00e9gr\u00e9es.<\/p>\n","protected":false},"excerpt":{"rendered":"<p>Pro \u00e0 fond. Le Pro par excellence. iPhone 17 Pro. L\u2019iPhone le plus puissant jamais cr\u00e9\u00e9. \u00c9cran 6,3 po \u00e9clatant, bo\u00eetier monobloc en aluminium, puce A19 Pro, cam\u00e9ras arri\u00e8re 48 Mpx et autonomie record. &nbsp; \u2022 DESIGN MONOBLOC. PUISSANCE EXCEPTIONNELLE. Bo\u00eetier monobloc en aluminium forg\u00e9 \u00e0 chaud, pour une puissance in\u00e9gal\u00e9e sur iPhone. \u2022 CERAMIC [&hellip;]<\/p>\n","protected":false},"featured_media":4042,"comment_status":"open","ping_status":"closed","template":"","meta":{"_acf_changed":false},"product_brand":[],"product_cat":[71],"product_tag":[],"class_list":{"0":"post-4030","1":"product","2":"type-product","3":"status-publish","4":"has-post-thumbnail","6":"carrier-bell-fr","7":"carrier-fido-fr","8":"carrier-freedom-fr","9":"carrier-koodo-fr","10":"carrier-rogers-fr","11":"carrier-telus-fr","12":"carrier-virgin-plus-fr","13":"brand-apple-fr","14":"product_cat-carrier-phones-fr","16":"first","17":"instock","18":"shipping-taxable","19":"product-type-variable"},"acf":[],"aioseo_notices":[],"_links":{"self":[{"href":"https:\/\/www.wireless.walmart.ca\/fr\/wp-json\/wp\/v2\/product\/4030","targetHints":{"allow":["GET"]}}],"collection":[{"href":"https:\/\/www.wireless.walmart.ca\/fr\/wp-json\/wp\/v2\/product"}],"about":[{"href":"https:\/\/www.wireless.walmart.ca\/fr\/wp-json\/wp\/v2\/types\/product"}],"replies":[{"embeddable":true,"href":"https:\/\/www.wireless.walmart.ca\/fr\/wp-json\/wp\/v2\/comments?post=4030"}],"wp:featuredmedia":[{"embeddable":true,"href":"https:\/\/www.wireless.walmart.ca\/fr\/wp-json\/wp\/v2\/media\/4042"}],"wp:attachment":[{"href":"https:\/\/www.wireless.walmart.ca\/fr\/wp-json\/wp\/v2\/media?parent=4030"}],"wp:term":[{"taxonomy":"product_brand","embeddable":true,"href":"https:\/\/www.wireless.walmart.ca\/fr\/wp-json\/wp\/v2\/product_brand?post=4030"},{"taxonomy":"product_cat","embeddable":true,"href":"https:\/\/www.wireless.walmart.ca\/fr\/wp-json\/wp\/v2\/product_cat?post=4030"},{"taxonomy":"product_tag","embeddable":true,"href":"https:\/\/www.wireless.walmart.ca\/fr\/wp-json\/wp\/v2\/product_tag?post=4030"}],"curies":[{"name":"wp","href":"https:\/\/api.w.org\/{rel}","templated":true}]}}