{"id":4308,"date":"2025-11-03T12:59:15","date_gmt":"2025-11-03T12:59:15","guid":{"rendered":"https:\/\/www.wireless.walmart.ca\/?post_type=product&#038;p=4308"},"modified":"2026-03-09T13:15:21","modified_gmt":"2026-03-09T13:15:21","slug":"pixel-10","status":"publish","type":"product","link":"https:\/\/www.wireless.walmart.ca\/fr\/product\/pixel-10\/","title":{"rendered":"Pixel 10"},"content":{"rendered":"<h4>Sortez de l&#8217;ordinaire avec le Google Pixel\u00a010. Il est dot\u00e9 de la puce Pixel la plus puissante, d&#8217;un appareil photo incroyable et de Gemini int\u00e9gr\u00e9 pour aider \u00e0 stimuler votre productivit\u00e9 et votre cr\u00e9ativit\u00e9<\/h4>\n<p>Google Tensor\u00a0G5<br \/>\nGoogle Tensor\u00a0G5 est la puce Pixel la plus puissante \u00e0 ce jour. Elle rend les t\u00e9l\u00e9phones Pixel\u00a010 encore plus rapides, en plus de vous offrir l&#8217;IA de Google la plus avanc\u00e9e sur un appareil, une qualit\u00e9 photo et vid\u00e9o de pointe et une autonomie de la pile d&#8217;une journ\u00e9e Google Tensor<br \/>\nUne puce s\u00e9rieusement puissante.<br \/>\nLa toute nouvelle puce Google Tensor\u00a0G5 repr\u00e9sente la plus importante am\u00e9lioration de performance pour un Pixel \u00e0 ce jour. Con\u00e7ue sur mesure pour l&#8217;IA avanc\u00e9e de Google, une autonomie de la pile d&#8217;une journ\u00e9e, des photos et des vid\u00e9os de haute qualit\u00e9, et jusqu&#8217;\u00e0 60\u00a0% de puissance de traitement de plus et une meilleure efficacit\u00e9 M\u00e9moire vive et performance<br \/>\nDes performances exceptionnelles.<br \/>\nAvec 12\u00a0Go de m\u00e9moire vive, le Pixel\u00a010 fonctionne rapidement et de fa\u00e7on fluide. Il est con\u00e7u pour g\u00e9rer l&#8217;IA avanc\u00e9e de Google, ce qui vous permet de faire des retouches photo et vid\u00e9o innovantes et de profiter des puissantes fonctionnalit\u00e9s de Gemini \u00c9cran<br \/>\nAgr\u00e9able \u00e0 regarder, m\u00eame en plein soleil.<br \/>\nL&#8217;\u00e9cran Actua de 6,3\u00a0po avec une luminosit\u00e9 maximale de 3\u00a0000\u00a0nits est net et vif, avec une meilleure lisibilit\u00e9 \u00e0 l&#8217;ext\u00e9rieur. De plus, il a une fr\u00e9quence d&#8217;actualisation allant jusqu&#8217;\u00e0 120\u00a0Hz pour un d\u00e9filement et des changements d&#8217;applis tr\u00e8s fluides. Pile et recharge<br \/>\nAutonomie de plus de 24\u00a0heures. Recharge rapide.<br \/>\nLa pile du Pixel\u00a010 peut offrir une autonomie de plus de 24\u00a0heures \u2013 jusqu&#8217;\u00e0 100\u00a0heures avec l&#8217;\u00c9conomiseur de pile extr\u00eame \u2013 et se recharger \u00e0 55\u00a0% en environ 30\u00a0minutes2. De plus, le t\u00e9l\u00e9phone est dot\u00e9 de la technologie magn\u00e9tique Pixelsnap pour une recharge sans fil sans effort qui s&#8217;enclenche en place Pixelsnap, ou Qi-2<br \/>\nRecharge sans fil en un clin d&#8217;\u0153il.<br \/>\nLes t\u00e9l\u00e9phones Pixel\u00a010 sont dot\u00e9s de Pixelsnap, une technologie magn\u00e9tique qui vous permet d\u2019utiliser des chargeurs sans fil pour une recharge efficace. Vous disposerez \u00e9galement de plusieurs accessoires magn\u00e9tiques\u00a0: socles, prises, portefeuilles et bien plus. Principaux arguments de vente pour l\u2019appareil photo et les retouches<br \/>\nImages r\u00e9alistes et fid\u00e8les gr\u00e2ce \u00e0 des retouches hors du commun.<br \/>\nLe Pixel\u00a010 est dot\u00e9 d&#8217;un syst\u00e8me avanc\u00e9 de trois appareils photo, avec un nouveau t\u00e9l\u00e9objectif\u00a05x et le Zoom haute r\u00e9solution allant jusqu&#8217;\u00e0\u00a020x. Il est donc facile de prendre des photos et des vid\u00e9os \u00e9poustouflantes dans presque toutes les conditions d&#8217;\u00e9clairage et d&#8217;effectuer des retouches complexes en quelques touchers. Retoucher comme par magie sur le Pixel<br \/>\nLes retouches d\u00e9licates se font sans effort avec l&#8217;aide de l\u2019IA de Google.<br \/>\nLes retouches sont un jeu d&#8217;enfant avec le Pixel. Effectuez des retouches complexes, comme retirer des \u00e9l\u00e9ments ind\u00e9sirables, d\u00e9placer des \u00e9l\u00e9ments et fusionner ais\u00e9ment des photos pour que chaque personne apparaisse sous son meilleur jour. Appareil photo ultra grand-angle<br \/>\nUne plus grande vue d&#8217;ensemble.<br \/>\nL&#8217;appareil photo ultra grand-angle du Pixel\u00a010 vous permet d&#8217;inclure plus d\u2019\u00e9l\u00e9ments dans un seul cadre. Il est id\u00e9al pour photographier de vastes paysages, des sc\u00e8nes panoramiques et un espace int\u00e9rieur sous plusieurs angles. Appareil photo grand-angle<br \/>\nDes photos claires et vives dans toutes les conditions d&#8217;\u00e9clairage.<br \/>\nAvec un appareil photo grand-angle de 48\u00a0Mpx et la technologie HDR+ du Pixel, il est facile de capturer des images nettes et d\u00e9taill\u00e9es, m\u00eame dans des conditions de faible ou de mauvais \u00e9clairage Appareil photo \u00e0 t\u00e9l\u00e9objectif<br \/>\nDes d\u00e9tails \u00e9poustouflants, m\u00eame de tr\u00e8s loin.<br \/>\nLe Pixel\u00a010 est dot\u00e9 d&#8217;un nouveau t\u00e9l\u00e9objectif\u00a05x avec Zoom haute r\u00e9solution allant jusqu&#8217;\u00e0\u00a020x pour capturer des gros plans ultra nets \u00e0 grande distance. Appareil photo pour \u00e9goportrait<br \/>\nRenforcez votre confiance en mati\u00e8re d&#8217;\u00e9goportrait.<br \/>\nPrenez des \u00e9goportraits nets, clairs et dignes d&#8217;\u00eatre partag\u00e9s gr\u00e2ce \u00e0 l&#8217;appareil photo de 10,5\u00a0Mpx et la mise au point automatique. Et lorsque vous souhaitez inclure plus d\u2019\u00e9l\u00e9ments, le champ de vision de 95\u00b0 s&#8217;utilise comme un jeu d&#8217;enfant. FONCTIONNALIT\u00c9S DE L&#8217;APPAREIL PHOTO (TOUS LES T\u00c9L\u00c9PHONES) Mode Vision de nuit (photo)<br \/>\nDe magnifiques photos, du cr\u00e9puscule \u00e0 l&#8217;aube.<br \/>\nLe mode Vision de nuit prend des photos nettes et claires, des portraits et des panoramas quand la luminosit\u00e9 est faible, comme pour les concerts et les paysages urbains. Capturez aussi la Voie lact\u00e9e avec l&#8217;Astrophotographie. Pixel Studio<br \/>\nVotre toile de cr\u00e9ation g\u00e9n\u00e9r\u00e9e par IA.<br \/>\nPixel Studio vous aide \u00e0 cr\u00e9er, \u00e0 modifier et \u00e0 partager des \u00e9mojis, des m\u00e8mes et plus encore, directement \u00e0 partir de votre t\u00e9l\u00e9phone1. Un tigre surfer, style anime? Et en faire un autocollant? C&#8217;est possible. M&#8217;ajouter V2<br \/>\nPrenez la photo, et soyez-y inclus.<br \/>\nAvec la fonctionnalit\u00e9 M&#8217;ajouter, il est encore plus facile de s&#8217;assurer que personne n&#8217;est hors de la photo. Vous pouvez maintenant ajouter le photographe \u00e0 des groupes plus importants afin d&#8217;\u00eatre plus cr\u00e9atif avec la composition. Coach photo<br \/>\nPrenez vos meilleures photos avec l&#8217;aide de Gemini.<br \/>\nLa fonctionnalit\u00e9 Coach photo utilise des mod\u00e8les de Gemini pour analyser la sc\u00e8ne, vous proposer des suggestions et vous aider \u00e0 trouver le meilleur angle et la meilleure luminosit\u00e9 possible. Il peut m\u00eame vous sugg\u00e9rer les meilleurs modes \u00e0 utiliser. Teint naturel<br \/>\nL&#8217;appareil photo qui vous donne l&#8217;impression d&#8217;\u00eatre vu.<br \/>\nLa fonctionnalit\u00e9 Teint naturel peut comprendre les nuances subtiles des tons de chair pour que chaque personne soit repr\u00e9sent\u00e9e de fa\u00e7on authentique et pr\u00e9cise dans les photos et les vid\u00e9os. Meilleur clich\u00e9<br \/>\nUn seul clic. Faites votre choix.<br \/>\nLa fonctionnalit\u00e9 Meilleur clich\u00e9 prend automatiquement plusieurs photos avec une seule pression sur l&#8217;obturateur et s\u00e9lectionne la meilleure. Une entr\u00e9e classique d&#8217;anniversaire surprise? Un mouvement de danse \u00e9pique? \u00c9v\u00e9nements capt\u00e9s dans des couleurs vives et des d\u00e9tails riches. Mise au point macro<br \/>\nMinuscules d\u00e9tails. Photos extraordinaires.<br \/>\nUtilisez la fonctionnalit\u00e9 Mise au point macro pour r\u00e9v\u00e9ler des couleurs vives et un contraste saisissant pour les plus petits objets\u00a0: des gouttes de pluie, des flocons de neige ou m\u00eame les ailes d&#8217;un papillon. Meilleure prise automatique<br \/>\nDes photos de groupe que tout le groupe aime.<br \/>\nAvec le Pixel, c&#8217;est un jeu d&#8217;enfant de prendre des photos de groupe \u00e0 partager. Apr\u00e8s avoir pris la photo, le Pixel peut automatiquement trouver des photos semblables et les combiner en une seule o\u00f9 tout le monde est \u00e0 son meilleur. Zoom haute r\u00e9solution<br \/>\nZoomez. Touchez. Wow.<br \/>\nL&#8217;appareil photo Pixel est dot\u00e9 d&#8217;un t\u00e9l\u00e9objectif\u00a05x d\u00e9di\u00e9 avec Zoom haute r\u00e9solution allant jusqu&#8217;\u00e0\u00a020x. Vous pouvez ainsi obtenir d&#8217;incroyables gros plans de loin. \u00a0 \u00a0 \u00a0 \u00a0 \u00a0 \u00a0 \u00a0 \u00a0 \u00a0 \u00a0 \u00a0 \u00a0 \u00a0 \u00a0 \u00a0 \u00a0 \u00a0 \u00a0 \u00a0 \u00a0 \u00a0 \u00a0 FONCTIONNALIT\u00c9S D&#8217;IA ET DE GEMINI Simplifiez-vous la vie<br \/>\nFaites plus que vous le pensez, plus facilement que vous ne pouvez l&#8217;imaginer.<br \/>\nL&#8217;IA de Google sur le Pixel vous aide \u00e0 vous simplifier la vie et \u00e0 stimuler votre cr\u00e9ativit\u00e9. Utilisez-la pour trouver des id\u00e9es, cr\u00e9er de nouvelles images, contr\u00f4ler plusieurs applis avec une seule commande et plus. Gemini Live Audio<br \/>\nParlez-en en direct avec Gemini.<br \/>\nAu lieu de taper, utilisez Gemini Live pour avoir une conversation naturelle et fluide. Partagez votre \u00e9cran, ou ajoutez m\u00eame une image, un fichier ou une vid\u00e9o YouTube pour une conversation plus approfondie Applis Gemini<br \/>\nUtilisez Gemini pour effectuer simultan\u00e9ment plusieurs t\u00e2ches dans vos applis.<br \/>\nGagnez du temps en demandant \u00e0 Gemini de trouver des informations et d&#8217;effectuer des t\u00e2ches pour vous dans toutes vos applis, comme trouver un restaurant qui propose des plats sans gluten pour le brunch, puis envoyer l&#8217;itin\u00e9raire au groupe de discussion. Gemini Live avec cam\u00e9ra<br \/>\nMontrez du contenu et Gemini vous informe.<br \/>\nMontrez votre \u00e9cran dans les conversations Gemini Live pour discuter en direct avec Gemini \u00e0 propos de ce que vous voyez. Montrez votre salon pour obtenir de l&#8217;aide afin de le r\u00e9am\u00e9nager. Montrez votre garde-manger pour trouver des id\u00e9es de repas \u00e0 pr\u00e9parer avec ces ingr\u00e9dients. Ou montrez votre garde-robe pour obtenir des conseils de stylisme. G\u00e9n\u00e9ration vid\u00e9o dans Gemini<br \/>\nDonnez vie \u00e0 vos id\u00e9es cr\u00e9atives.<br \/>\nCr\u00e9ez une courte vid\u00e9o de haute qualit\u00e9, avec un son naturel, en d\u00e9crivant simplement votre id\u00e9e. Ou t\u00e9l\u00e9versez une image, expliquez la sc\u00e8ne que vous souhaitez cr\u00e9er et regardez votre photo prendre vie avec du mouvement et du son (un abonnement \u00e0 l\u2019IA de Google est n\u00e9cessaire). Instantan\u00e9s Pixel<br \/>\nCaptures d&#8217;\u00e9cran enregistr\u00e9es, tri\u00e9es et r\u00e9sum\u00e9es.<br \/>\nLe Pixel vous aide \u00e0 tirer le meilleur parti de vos captures d&#8217;\u00e9cran. Recherchez facilement les num\u00e9ros de suivi et d&#8217;autres d\u00e9tails. Ouvrez des lieux dans Maps en un clic. Ou encore, touchez une image pour revenir au site Web o\u00f9 vous l&#8217;avez trouv\u00e9e. Encercler et rechercher<br \/>\nLa recherche est termin\u00e9e.<br \/>\nIl vous suffit d&#8217;utiliser votre doigt pour tracer un cercle autour d&#8217;un \u00e9l\u00e9ment pour avoir plus d&#8217;information, comme une image, un texte ou une vid\u00e9o. L&#8217;IA de Google trouve cet \u00e9l\u00e9ment rapidement \u00e0 partir de l&#8217;appli que vous utilisez. Traduction instantan\u00e9e<br \/>\nDes traductions en temps r\u00e9el dans la voix naturelle de l&#8217;interlocuteur.<br \/>\nLa fonctionnalit\u00e9 Traduction instantan\u00e9e peut maintenant traduire ce que dit l&#8217;interlocuteur \u00e0 partir du son de sa voix, ce qui rend les conversations t\u00e9l\u00e9phoniques dans diff\u00e9rentes langues plus authentiques. FONCTIONNALIT\u00c9S DE S\u00c9CURIT\u00c9 S\u00e9curit\u00e9<br \/>\nLe Pixel vous prot\u00e8ge, vous et vos donn\u00e9es confidentielles.<br \/>\nGr\u00e2ce \u00e0 des contr\u00f4les de s\u00e9curit\u00e9 en temps r\u00e9el, Pixel aide \u00e0 vous offrir une protection en ligne continue, des alertes proactives en cas de vol et des mises \u00e0 jour de s\u00e9curit\u00e9 pendant 7\u00a0ans. De plus, il poss\u00e8de des fonctionnalit\u00e9s de D\u00e9tection d&#8217;accident de voiture et des Alertes de crise pour assurer votre s\u00e9curit\u00e9 et celle de votre famille. Fonctionnalit\u00e9 de s\u00e9curit\u00e9 personnelle<br \/>\nUne aide d&#8217;urgence, toujours \u00e0 port\u00e9e de main.<br \/>\nGr\u00e2ce \u00e0 des fonctionnalit\u00e9s de s\u00e9curit\u00e9 comme Appel d&#8217;urgence et D\u00e9tection d&#8217;accident de voiture, Pixel peut appeler les services d&#8217;urgence et partager votre position si vous ne pouvez pas le faire. Et les Alertes de crise vous avertissent des dangers \u00e0 proximit\u00e9, comme une inondation, un incendie ou une tornade. Protection contre le vol<br \/>\nVerrouillage automatique en cas de perte ou de vol.<br \/>\nGr\u00e2ce \u00e0 l&#8217;IA de Google, le Pixel peut aider \u00e0 d\u00e9tecter un vol et verrouiller automatiquement votre t\u00e9l\u00e9phone. Vous pouvez \u00e9galement utiliser le verrouillage \u00e0 distance pour verrouiller manuellement votre t\u00e9l\u00e9phone lorsque vous r\u00e9alisez qu&#8217;il a disparu. Sept ans d&#8217;assistance<br \/>\nLe Pixel s&#8217;am\u00e9liore au fil du temps.<br \/>\nLe Pixel\u00a010 offre sept ans de mises \u00e0 jour de s\u00e9curit\u00e9 et du syst\u00e8me d&#8217;exploitation ainsi que des fonctionnalit\u00e9s nouvelles et mises \u00e0 niveau gr\u00e2ce \u00e0 Actualisation Pixel. FONCTIONS DE TRANSFERT Arguments de vente pour le changement d&#8217;appareil<br \/>\nUne transition facile. Beaucoup plus \u00e0 aimer.<br \/>\nDu transfert de donn\u00e9es, comme vos iMessages\ud83c\udd6b et vos photos, \u00e0 l&#8217;utilisation des fonctionnalit\u00e9s du Pixel, Google simplifie le transfert. De plus, les t\u00e9l\u00e9phones Pixel sont dot\u00e9s d&#8217;une IA novatrice pour vous aider \u00e0 cr\u00e9er des photos et des vid\u00e9os exceptionnelles, \u00e0 en faire plus et \u00e0 prot\u00e9ger vos renseignements. Messages RCS<br \/>\nIl est plus facile d&#8217;envoyer des messages texte aux utilisateurs d&#8217;iPhone\ud83c\udd6b.<br \/>\nL&#8217;iPhone est maintenant dot\u00e9 de la messagerie RCS, l&#8217;envoi de messages texte entre Android et iOS est donc plus fluide que jamais. Partagez des images de haute qualit\u00e9 et des r\u00e9actions au texte, ajoutez et retirez des personnes des clavardages en groupe, obtenez des confirmations de lecture et plus.<br \/>\niPhone\ud83c\udd6b est une marque d\u00e9pos\u00e9e d&#8217;Apple Inc. Transfert de donn\u00e9es rapide<br \/>\nEmportez tous vos contenus. M\u00eame vos mots de passe.<br \/>\nD\u00e9placez des contacts, des photos et plus encore sans rien perdre. Cela ne prend qu&#8217;environ 20\u00a0minutes. Et si vous utilisez le gestionnaire de mots de passe Google, vous pouvez acc\u00e9der \u00e0 vos mots de passe une fois que vous \u00eates connect\u00e9. Appels vid\u00e9o<br \/>\nPlus de choix pour les appels vid\u00e9o.<br \/>\nLorsque vous changez d&#8217;appareil, vous pouvez passer des appels vid\u00e9o avec vos amis et votre famille \u00e0 l&#8217;aide de Google Meet, de WhatsApp, de Facebook Messenger et de nombreuses autres applis de communication. Participez facilement \u00e0 des appels FaceTime\ud83c\udd6b \u00e0 partir de votre t\u00e9l\u00e9phone Pixel si quelqu&#8217;un vous envoie un lien. Applis Google int\u00e9gr\u00e9es.<br \/>\nVos applis Google s&#8217;y trouvent d\u00e9j\u00e0.<br \/>\nLes applis comme Gmail, Photos et Maps sont charg\u00e9es sur votre Pixel et se connectent sans effort \u00e0 Gemini. Il est donc encore plus facile d&#8217;utiliser Gemini pour effectuer des t\u00e2ches pour toutes vos applis. Utilisez des appareils que vous avez d\u00e9j\u00e0 \/ Compatibilit\u00e9 avec l&#8217;\u00e9cosyst\u00e8me<br \/>\nFonctionne bien avec le Pixel et d&#8217;autres appareils.<br \/>\nLe Pixel est con\u00e7u pour \u00eatre compatible avec vos autres appareils. Cela signifie que vous pouvez continuer \u00e0 diffuser du contenu en continu et \u00e0 vous connecter de fa\u00e7on fluide, que ces appareils soient con\u00e7us par Google ou non. Mon Pixel<br \/>\nVotre appli de r\u00e9f\u00e9rence pour tout ce que le Pixel a \u00e0 offrir.<br \/>\nMon Pixel est votre point d&#8217;acc\u00e8s unique pour d\u00e9couvrir les nouvelles fonctionnalit\u00e9s, utiliser le d\u00e9pannage, obtenir de l&#8217;assistance et acheter les derniers appareils et accessoires Pixel. Con\u00e7u pour durer, principaux arguments de vente (t\u00e9l\u00e9phones individuels)<br \/>\nCon\u00e7u pour durer et impressionner.<br \/>\nLe Pixel\u00a010 est fait de mat\u00e9riaux extr\u00eamement durables de premi\u00e8re qualit\u00e9 et d&#8217;aluminium de qualit\u00e9 a\u00e9rospatiale recycl\u00e9 \u00e0 100\u00a0%. Il est r\u00e9sistant \u00e0 l&#8217;eau, et offre sept ans de mises \u00e0 jour de s\u00e9curit\u00e9 et du syst\u00e8me d&#8217;exploitation gr\u00e2ce \u00e0 Actualisation Pixel. Principaux argument de vente sur la conception<br \/>\nCon\u00e7u pour durer. Con\u00e7u pour la vraie vie.<br \/>\nLe Pixel\u00a010 est fait de mat\u00e9riaux durables de premi\u00e8re qualit\u00e9, et sa conception \u00e9l\u00e9gante le rend \u00e0 la fois confortable et agr\u00e9able \u00e0 tenir dans la main. De plus, les nouvelles couleurs vives aident \u00e0 mettre en valeur votre style personnel. Durabilit\u00e9<br \/>\nLe Pixel\u00a010 est con\u00e7u pour r\u00e9sister aux petits accidents de la vie. Avec son \u00e9cran en verre Gorilla\ud83c\udd6b Glass Victus\ud83c\udd6b\u00a0 de Corning\ud83c\udd6b r\u00e9sistant aux rayures et un indice de protection\u00a0IP68 contre l&#8217;eau et la poussi\u00e8re, ces moments d\u2019inattention ne font pas le poids. AUTRES FONCTIONNALIT\u00c9S Actualisation Pixel<br \/>\nVous aurez l&#8217;impression d&#8217;avoir un nouveau t\u00e9l\u00e9phone plusieurs fois par ann\u00e9e.<br \/>\nVotre t\u00e9l\u00e9phone s&#8217;am\u00e9liore sans cesse avec les ajouts r\u00e9guliers gr\u00e2ce \u00e0 Actualisation Pixel\u00a0: des mises \u00e0 jour automatiques qui rehaussent l&#8217;utilit\u00e9 de votre Pixel en vous apportant de nouvelles fonctionnalit\u00e9s am\u00e9lior\u00e9es pour l&#8217;appareil photo, Gemini et plus encore. Filtrage d&#8217;appels manuel<br \/>\nLe Pixel vous aide \u00e0 \u00e9viter les appels ind\u00e9sirables.<br \/>\nLe Filtrage d&#8217;appels peut r\u00e9pondre pour vous aux num\u00e9ros inconnus et vous permet de savoir qui vous appelle et pourquoi, vous pouvez donc d\u00e9cider si vous voulez r\u00e9pondre ou non. Durabilit\u00e9<br \/>\nConception consciencieuse.<br \/>\nLes t\u00e9l\u00e9phones de la s\u00e9rie Pixel\u00a010 sont faits de mat\u00e9riaux recycl\u00e9s, y compris le cadre en aluminium \u00e0 100\u00a0% recycl\u00e9 de tous les t\u00e9l\u00e9phones Google depuis le Pixel\u00a06. Et l&#8217;emballage est compos\u00e9 \u00e0 100\u00a0% de mat\u00e9riaux sans plastique.<\/p>\n","protected":false},"excerpt":{"rendered":"<p>Sortez de l&#8217;ordinaire avec le Google Pixel\u00a010. Il est dot\u00e9 de la puce Pixel la plus puissante, d&#8217;un appareil photo incroyable et de Gemini int\u00e9gr\u00e9 pour aider \u00e0 stimuler votre productivit\u00e9 et votre cr\u00e9ativit\u00e9 Google Tensor\u00a0G5 Google Tensor\u00a0G5 est la puce Pixel la plus puissante \u00e0 ce jour. Elle rend les t\u00e9l\u00e9phones Pixel\u00a010 encore plus [&hellip;]<\/p>\n","protected":false},"featured_media":4143,"comment_status":"open","ping_status":"closed","template":"","meta":{"_acf_changed":false},"product_brand":[],"product_cat":[71],"product_tag":[],"class_list":{"0":"post-4308","1":"product","2":"type-product","3":"status-publish","4":"has-post-thumbnail","6":"carrier-bell-fr","7":"carrier-fido-fr","8":"carrier-freedom-fr","9":"carrier-koodo-fr","10":"carrier-rogers-fr","11":"carrier-telus-fr","12":"carrier-virgin-plus-fr","13":"brand-google-fr","14":"product_cat-carrier-phones-fr","16":"first","17":"instock","18":"shipping-taxable","19":"product-type-variable"},"acf":[],"aioseo_notices":[],"_links":{"self":[{"href":"https:\/\/www.wireless.walmart.ca\/fr\/wp-json\/wp\/v2\/product\/4308","targetHints":{"allow":["GET"]}}],"collection":[{"href":"https:\/\/www.wireless.walmart.ca\/fr\/wp-json\/wp\/v2\/product"}],"about":[{"href":"https:\/\/www.wireless.walmart.ca\/fr\/wp-json\/wp\/v2\/types\/product"}],"replies":[{"embeddable":true,"href":"https:\/\/www.wireless.walmart.ca\/fr\/wp-json\/wp\/v2\/comments?post=4308"}],"wp:featuredmedia":[{"embeddable":true,"href":"https:\/\/www.wireless.walmart.ca\/fr\/wp-json\/wp\/v2\/media\/4143"}],"wp:attachment":[{"href":"https:\/\/www.wireless.walmart.ca\/fr\/wp-json\/wp\/v2\/media?parent=4308"}],"wp:term":[{"taxonomy":"product_brand","embeddable":true,"href":"https:\/\/www.wireless.walmart.ca\/fr\/wp-json\/wp\/v2\/product_brand?post=4308"},{"taxonomy":"product_cat","embeddable":true,"href":"https:\/\/www.wireless.walmart.ca\/fr\/wp-json\/wp\/v2\/product_cat?post=4308"},{"taxonomy":"product_tag","embeddable":true,"href":"https:\/\/www.wireless.walmart.ca\/fr\/wp-json\/wp\/v2\/product_tag?post=4308"}],"curies":[{"name":"wp","href":"https:\/\/api.w.org\/{rel}","templated":true}]}}