{"id":4610,"date":"2026-01-07T17:59:24","date_gmt":"2026-01-07T17:59:24","guid":{"rendered":"https:\/\/www.wireless.walmart.ca\/?post_type=product&#038;p=4610"},"modified":"2026-01-07T21:19:44","modified_gmt":"2026-01-07T21:19:44","slug":"pixel-10-pro","status":"publish","type":"product","link":"https:\/\/www.wireless.walmart.ca\/fr\/product\/pixel-10-pro\/","title":{"rendered":"Pixel 10 Pro"},"content":{"rendered":"<h4>L\u2019exp\u00e9rience Pro, \u00e0 son meilleur. Le Pixel\u00a010 Pro est dot\u00e9 de l&#8217;IA avanc\u00e9e avec Gemini, d&#8217;un appareil photo d&#8217;une qualit\u00e9 incroyable, d&#8217;une conception impeccable et de la puce Google Tensor G5 de nouvelle g\u00e9n\u00e9ration<\/h4>\n<h5>Google Tensor\u00a0G5<\/h5>\n<p>Google Tensor\u00a0G5 est la puce Pixel la plus puissante \u00e0 ce jour. Elle rend les t\u00e9l\u00e9phones Pixel\u00a010 encore plus rapides, en plus de vous offrir l&#8217;IA de Google la plus avanc\u00e9e sur un appareil, une qualit\u00e9 photo et vid\u00e9o de pointe et une autonomie de la pile d&#8217;une journ\u00e9e<\/p>\n<h5>Google Tensor<\/h5>\n<p>Une puce de nouvelle g\u00e9n\u00e9ration. Une IA exceptionnellement performante.<br \/>\nLa nouvelle puce Google Tensor\u00a0G5 repr\u00e9sente la plus importante am\u00e9lioration ax\u00e9e sur la performance du Pixel \u00e0 ce jour. Elle est con\u00e7ue sur mesure avec un TPU jusqu&#8217;\u00e0 60\u00a0% plus puissant et un processeur jusqu&#8217;\u00e0 25\u00a0% plus rapide pour optimiser l&#8217;IA la plus avanc\u00e9e de Google. Elle permet \u00e9galement d&#8217;obtenir des photos et des vid\u00e9os de la meilleure qualit\u00e9 possible avec un PSI mis \u00e0 niveau et une autonomie de la pile du Pixel\u00a010 Pro d&#8217;une journ\u00e9e<\/p>\n<h5>M\u00e9moire vive et performance<\/h5>\n<p>16\u00a0Go de m\u00e9moire vive pour des performances de niveau professionnel.<br \/>\nFaites-en plus simultan\u00e9ment avec le Pixel\u00a010\u00a0Pro. Il offre les exp\u00e9riences Pixel les plus fluides et les plus rapides dans vos applis les plus exigeantes gr\u00e2ce \u00e0 Gemini Nano, le mod\u00e8le d&#8217;IA le plus avanc\u00e9 de Google sur un appareil mobile<\/p>\n<h5>\u00c9cran<\/h5>\n<p>L&#8217;\u00e9cran le plus lumineux qui existe sur le Pixel.<br \/>\nL&#8217;\u00e9cran Super Actua aux couleurs vives pr\u00e9sente une luminosit\u00e9 maximale de 3 300 nits pour un \u00e9cran immersif, m\u00eame en plein soleil1. De plus, il a une fr\u00e9quence d&#8217;actualisation allant jusqu&#8217;\u00e0 120\u00a0Hz pour un d\u00e9filement et des changements d&#8217;applis tr\u00e8s fluides<\/p>\n<h5>Pile et recharge<\/h5>\n<p>Autonomie de plus de 24\u00a0heures et recharge en un rien de temps.<br \/>\nLe Pixel\u00a010 Pro est dot\u00e9 d\u2019une pile \u00e0 autonomie de plus de 24\u00a0heures et qui peut aller jusqu&#8217;\u00e0 100\u00a0heures avec l&#8217;\u00c9conomiseur de pile extr\u00eame. Il se recharge \u00e0 55\u00a0% en environ 30\u00a0minutes et est dot\u00e9 de la technologie magn\u00e9tique Pixelsnap pour une recharge sans fil sans effort qui s&#8217;enclenche en place.<\/p>\n<h5>Pixelsnap, ou Qi-2<\/h5>\n<p>Recharge sans fil en un clin d&#8217;\u0153il.<br \/>\nLes t\u00e9l\u00e9phones Pixel\u00a010 sont dot\u00e9s de Pixelsnap, une technologie magn\u00e9tique qui vous permet d\u2019utiliser des chargeurs sans fil pour une recharge efficace. Vous disposerez \u00e9galement de plusieurs accessoires magn\u00e9tiques\u00a0: socles, prises, portefeuilles et bien plus.<\/p>\n<h5>Principaux arguments de vente pour l\u2019appareil photo et les retouches<\/h5>\n<p>Vos photos et vos vid\u00e9os \u00e0 un niveau sup\u00e9rieur<br \/>\nTout para\u00eet magnifique par d\u00e9faut, gr\u00e2ce au syst\u00e8me d&#8217;appareil photo du Pixel Pro, m\u00eame dans des conditions de faible luminosit\u00e9. Capturez une plus grande partie de la sc\u00e8ne gr\u00e2ce \u00e0 des mod\u00e8les avanc\u00e9s d&#8217;IA et faites ressortir des d\u00e9tails incroyables avec le zoom jusqu&#8217;\u00e0 100x, des images \u00e9poustouflantes de 50\u00a0Mpx et des vid\u00e9os\u00a08K incroyablement stables avec Optimisation vid\u00e9o.<\/p>\n<h5>Retoucher comme parmagie sur le Pixel<\/h5>\n<p>Les retouches d\u00e9licates se font sans effort avec l&#8217;aide de l\u2019IA de Google.<br \/>\nLes retouches sont un jeu d&#8217;enfant avec le Pixel. Effectuez des retouches complexes, comme retirer des \u00e9l\u00e9ments ind\u00e9sirables, d\u00e9placer des \u00e9l\u00e9ments et fusionner ais\u00e9ment des photos pour que chaque personne apparaisse sous son meilleur jour.<\/p>\n<h5>Appareil photo ultra grand-angle<\/h5>\n<p>Laissez libre cours \u00e0 votre imagination.<br \/>\nJouez sous n&#8217;importe quel angle avec l&#8217;appareil photo ultra grand-angle de 48\u00a0Mpx. Obtenez des photos encore plus d\u00e9taill\u00e9es gr\u00e2ce \u00e0 la fonctionnalit\u00e9 Mise au point macro ultra nette ou capturez des photos de paysages \u00e0 grand-angle, le tout avec la meilleure qualit\u00e9 et la meilleure r\u00e9solution possible<\/p>\n<h5>Appareil photo grand-angle<\/h5>\n<p>Une qualit\u00e9 \u00e9poustouflante. L&#8217;appareil photo grand-angle de 50\u00a0Mpx du Pixel\u00a010 Pro est le meilleur appareil photo de Google \u00e0 ce jour1. Capturez des portraits magnifiques ainsi que des photos et des vid\u00e9os \u00e9clatantes \u00e0 faible luminosit\u00e9 gr\u00e2ce \u00e0 son ouverture de \u0192\/1.68. Et avec une qualit\u00e9 d&#8217;image optique 2x, il est facile de r\u00e9v\u00e9ler d\u2019infimes d\u00e9tails dans les gros plans du quotidien. Appareil photo \u00e0 t\u00e9l\u00e9objectif<br \/>\nUn t\u00e9l\u00e9objectif de 48\u00a0Mpx mis \u00e0 niveau pour voir encore plus loin.<br \/>\nPour des gros plans incroyables m\u00eame de loin, l&#8217;appareil photo t\u00e9l\u00e9objectif 48\u00a0Mpx est dot\u00e9 d&#8217;un t\u00e9l\u00e9objectif\u00a05x et offre la meilleure qualit\u00e9 de zoom sur un Pixel \u00e0 ce jour Appareil photo pour \u00e9goportrait<br \/>\nDe superbes \u00e9goportraits de vous, et de tous les autres.<br \/>\nL&#8217;appareil photo avant de 42\u00a0Mpx avec mise au point automatique offre un champ de vision de 103\u00b0, le plus large du Pixel et le plus adapt\u00e9 aux \u00e9goportraits \u00e0 ce jour. Tout le groupe et vous sortez remarquablement nets dans vos photos ou vid\u00e9os, m\u00eame dans des situations de faible luminosit\u00e9 comme au restaurant et lors de concerts.<\/p>\n<h5>FONCTIONNALIT\u00c9S DE L&#8217;APPAREIL PHOTO (TOUS LES T\u00c9L\u00c9PHONES)<\/h5>\n<h5>Mode Vision de nuit (photo)<\/h5>\n<p>De magnifiques photos, du cr\u00e9puscule \u00e0 l&#8217;aube.<br \/>\nLe mode Vision de nuit prend des photos nettes et claires, des portraits et des panoramas quand la luminosit\u00e9 est faible, comme pour les concerts et les paysages urbains. Capturez aussi la Voie lact\u00e9e avec l&#8217;Astrophotographie.<\/p>\n<h5>Pixel Studio<\/h5>\n<p>Votre toile de cr\u00e9ation g\u00e9n\u00e9r\u00e9e par IA.<br \/>\nPixel Studio vous aide \u00e0 cr\u00e9er, \u00e0 modifier et \u00e0 partager des \u00e9mojis, des m\u00e8mes et plus encore, directement \u00e0 partir de votre t\u00e9l\u00e9phone1. Un tigre surfer, style anime? Et en faire un autocollant? C&#8217;est possible.<\/p>\n<h5>M&#8217;ajouter V2<\/h5>\n<p>Prenez la photo, et soyez-y inclus.<br \/>\nAvec la fonctionnalit\u00e9 M&#8217;ajouter, il est encore plus facile de s&#8217;assurer que personne n&#8217;est hors de la photo. Vous pouvez maintenant ajouter le photographe \u00e0 des groupes plus importants afin d&#8217;\u00eatre plus cr\u00e9atif avec la composition.<\/p>\n<h5>Coach photo<\/h5>\n<p>Prenez vos meilleures photos avec l&#8217;aide de Gemini.<br \/>\nLa fonctionnalit\u00e9 Coach photo utilise des mod\u00e8les de Gemini pour analyser la sc\u00e8ne, vous proposer des suggestions et vous aider \u00e0 trouver le meilleur angle et la meilleure luminosit\u00e9 possible. Il peut m\u00eame vous sugg\u00e9rer les meilleurs modes \u00e0 utiliser.<\/p>\n<h5>Teint naturel<\/h5>\n<p>L&#8217;appareil photo qui vous donne l&#8217;impression d&#8217;\u00eatre vu.<br \/>\nLa fonctionnalit\u00e9 Teint naturel peut comprendre les nuances subtiles des tons de chair pour que chaque personne soit repr\u00e9sent\u00e9e de fa\u00e7on authentique et pr\u00e9cise dans les photos et les vid\u00e9os.<\/p>\n<h5>Meilleur clich\u00e9<\/h5>\n<p>Un seul clic. Faites votre choix.<br \/>\nLa fonctionnalit\u00e9 Meilleur clich\u00e9 prend automatiquement plusieurs photos avec une seule pression sur l&#8217;obturateur et s\u00e9lectionne la meilleure. Une entr\u00e9e classique d&#8217;anniversaire surprise? Un mouvement de danse \u00e9pique? \u00c9v\u00e9nements capt\u00e9s dans des couleurs vives et des d\u00e9tails riches.<\/p>\n<h5>Mise au point macro<\/h5>\n<p>Minuscules d\u00e9tails. Photos extraordinaires.<br \/>\nUtilisez la fonctionnalit\u00e9 Mise au point macro pour r\u00e9v\u00e9ler des couleurs vives et un contraste saisissant pour les plus petits objets\u00a0: des gouttes de pluie, des flocons de neige ou m\u00eame les ailes d&#8217;un papillon.<\/p>\n<h5>Meilleure prise automatique<\/h5>\n<p>Des photos de groupe que tout le groupe aime.<br \/>\nAvec le Pixel, c&#8217;est un jeu d&#8217;enfant de prendre des photos de groupe \u00e0 partager. Apr\u00e8s avoir pris la photo, le Pixel peut automatiquement trouver des photos semblables et les combiner en une seule o\u00f9 tout le monde est \u00e0 son meilleur.<\/p>\n<h5>Zoom Pro\u00a0100x<\/h5>\n<p>La plus grande distance de zoom sur un Pixel.<br \/>\nZoomez comme jamais auparavant avec le Zoom Pro allant jusqu&#8217;\u00e0\u00a0100x. Le zoom de qualit\u00e9 sup\u00e9rieure du Pixel\u00a010 Pro est optimis\u00e9 par un t\u00e9l\u00e9objectif mis \u00e0 niveau et une imagerie par IA pour les gros plans les plus nets sur un Pixel \u00e0 ce jour.<\/p>\n<h5>Zoom vid\u00e9o haute r\u00e9solution<\/h5>\n<p>Jusqu&#8217;\u00e0 20x la puissance du zoom vid\u00e9o.<br \/>\nLe Pixel\u00a010 Pro combine un puissant t\u00e9l\u00e9objectif dot\u00e9 d&#8217;un zoom allant jusqu&#8217;\u00e0 20x, un Zoom vid\u00e9o haute r\u00e9solution et un traitement avanc\u00e9 pour vous offrir des vid\u00e9os fluides de haute qualit\u00e9. Stabilisation vid\u00e9o avec Optimisation vid\u00e9o.<br \/>\nDes vid\u00e9os incroyablement stables. Super facile. Voici la stabilisation am\u00e9lior\u00e9e aliment\u00e9e par l&#8217;Optimisation vid\u00e9o sur le Pixel 10 Pro. L&#8217;appareil photo \u00e0 50 Mpx mis \u00e0 niveau peut maintenant transformer des sc\u00e8nes de mouvement intense en clich\u00e9s cin\u00e9matiques stables de haute qualit\u00e9, sans \u00e9quipement suppl\u00e9mentaire.<\/p>\n<h5>Portrait haute r\u00e9solution<\/h5>\n<p>Et maintenant, des portraits de 50\u00a0Mpx \u00e0 partir d&#8217;un t\u00e9l\u00e9phone intelligent.<br \/>\nC&#8217;est la meilleure qualit\u00e9 de portrait du Pixel \u00e0 ce jour. Obtenez des portraits haute r\u00e9solution de 50\u00a0Mpx dignes d&#8217;une retouche et d&#8217;une impression professionnelles, directement sur votre t\u00e9l\u00e9phone.<\/p>\n<h5>Mise au point macro<\/h5>\n<h5>Minuscules d\u00e9tails. Photos extraordinaires.<br \/>\nLa fonctionnalit\u00e9 Mise au point macro est meilleure que jamais avec l&#8217;appareil photo ultra grand-angle de 48\u00a0Mpx du Pixel\u00a010 Pro. R\u00e9v\u00e9lez les couleurs vives et le contraste saisissant des plus petits \u00e9l\u00e9ments\u00a0: gouttes de pluie, flocons de neige ou m\u00eame les ailes d&#8217;un papillon, le tout avec la meilleure qualit\u00e9 jamais cr\u00e9\u00e9e sur un Pixel. Optimisation vid\u00e9o<\/h5>\n<p>Pixel\u00a010\u00a0Pro<br \/>\nUn traitement vid\u00e9o de pointe.<br \/>\nL&#8217;Optimisation vid\u00e9o vous permet de produire une meilleure vid\u00e9o avec une r\u00e9solution allant jusqu\u2019\u00e0 8K, am\u00e9liorant ainsi les couleurs, la luminosit\u00e9 et la stabilisation. Mode Vision de nuit (vid\u00e9o)<br \/>\nPixel\u00a010\u00a0Pro<br \/>\nDes vid\u00e9os en faible luminosit\u00e9 qui rayonnent.<br \/>\nLa fonctionnalit\u00e9 Vision de nuit vid\u00e9o avec Optimisation vid\u00e9o vous permet d&#8217;obtenir la meilleure qualit\u00e9 d&#8217;enregistrements 8K sur un Pixel pour des sc\u00e8nes de couchers de soleil et de soupers aux chandelles aux couleurs encore plus riches. Pixel 10 Pro Fold<br \/>\nDes vid\u00e9os en faible luminosit\u00e9 qui rayonnent.<br \/>\nLa fonctionnalit\u00e9 Vision de nuit vid\u00e9o avec Optimisation vid\u00e9o vous permet d&#8217;obtenir des enregistrements de haute qualit\u00e9 pour des sc\u00e8nes comme des couchers de soleil, des soupers aux chandelles ou des feux d&#8217;artifices.<\/p>\n<h5>Commandes Pro<\/h5>\n<p>Pixel\u00a010\u00a0Pro<br \/>\nContr\u00f4lez votre appareil photo comme un pro.<br \/>\nLes Commandes Pro donnent vie \u00e0 vos id\u00e9es gr\u00e2ce \u00e0 des images haute r\u00e9solution de 50\u00a0Mpx lorsque vous utilisez les r\u00e9glages les plus avanc\u00e9s de l&#8217;appareil photo Pixel, comme la vitesse de l&#8217;obturateur et la mise au point manuelle. Pixel 10 Pro Fold<br \/>\nContr\u00f4lez votre appareil photo comme un pro.<br \/>\nLes Commandes Pro donnent vie \u00e0 vos id\u00e9es gr\u00e2ce \u00e0 des r\u00e9glages avanc\u00e9s de l&#8217;appareil photo comme la vitesse de l&#8217;obturateur, la mise au point manuelle et plus.<\/p>\n<h5>FONCTIONNALIT\u00c9S D&#8217;IA ET DE GEMINI<\/h5>\n<p>Simplifiez-vous la vie<br \/>\nFaites plus que vous le pensez, plus facilement que vous ne pouvez l&#8217;imaginer.<br \/>\nL&#8217;IA de Google sur le Pixel vous aide \u00e0 vous simplifier la vie et \u00e0 stimuler votre cr\u00e9ativit\u00e9. Utilisez-la pour trouver des id\u00e9es, cr\u00e9er de nouvelles images, contr\u00f4ler plusieurs applis avec une seule commande et plus. Gemini Live Audio<br \/>\nParlez-en en direct avec Gemini.<br \/>\nAu lieu de taper, utilisez Gemini Live pour avoir une conversation naturelle et fluide. Partagez votre \u00e9cran, ou ajoutez m\u00eame une image, un fichier ou une vid\u00e9o YouTube pour une conversation plus approfondie Applis Gemini<br \/>\nUtilisez Gemini pour effectuer simultan\u00e9ment plusieurs t\u00e2ches dans vos applis.<br \/>\nGagnez du temps en demandant \u00e0 Gemini de trouver des informations et d&#8217;effectuer des t\u00e2ches pour vous dans toutes vos applis, comme trouver un restaurant qui propose des plats sans gluten pour le brunch, puis envoyer l&#8217;itin\u00e9raire au groupe de discussion. Gemini Live avec cam\u00e9ra<br \/>\nMontrez du contenu et Gemini vous informe.<br \/>\nMontrez votre \u00e9cran dans les conversations Gemini Live pour discuter en direct avec Gemini \u00e0 propos de ce que vous voyez. Montrez votre salon pour obtenir de l&#8217;aide afin de le r\u00e9am\u00e9nager. Montrez votre garde-manger pour trouver des id\u00e9es de repas \u00e0 pr\u00e9parer avec ces ingr\u00e9dients. Ou montrez votre garde-robe pour obtenir des conseils de stylisme. G\u00e9n\u00e9ration vid\u00e9o dans Gemini<br \/>\nDonnez vie \u00e0 vos id\u00e9es cr\u00e9atives.<br \/>\nCr\u00e9ez une courte vid\u00e9o de haute qualit\u00e9, avec un son naturel, en d\u00e9crivant simplement votre id\u00e9e. Ou t\u00e9l\u00e9versez une image, expliquez la sc\u00e8ne que vous souhaitez cr\u00e9er et regardez votre photo prendre vie avec du mouvement et du son (un abonnement \u00e0 l\u2019IA de Google est n\u00e9cessaire). Instantan\u00e9s Pixel<br \/>\nCaptures d&#8217;\u00e9cran enregistr\u00e9es, tri\u00e9es et r\u00e9sum\u00e9es.<br \/>\nLe Pixel vous aide \u00e0 tirer le meilleur parti de vos captures d&#8217;\u00e9cran. Recherchez facilement les num\u00e9ros de suivi et d&#8217;autres d\u00e9tails. Ouvrez des lieux dans Maps en un clic. Ou encore, touchez une image pour revenir au site Web o\u00f9 vous l&#8217;avez trouv\u00e9e. Encercler et rechercher<br \/>\nLa recherche est termin\u00e9e.<br \/>\nIl vous suffit d&#8217;utiliser votre doigt pour tracer un cercle autour d&#8217;un \u00e9l\u00e9ment pour avoir plus d&#8217;information, comme une image, un texte ou une vid\u00e9o. L&#8217;IA de Google trouve cet \u00e9l\u00e9ment rapidement \u00e0 partir de l&#8217;appli que vous utilisez. Traduction instantan\u00e9e<br \/>\nDes traductions en temps r\u00e9el dans la voix naturelle de l&#8217;interlocuteur.<br \/>\nLa fonctionnalit\u00e9 Traduction instantan\u00e9e peut maintenant traduire ce que dit l&#8217;interlocuteur \u00e0 partir du son de sa voix, ce qui rend les conversations t\u00e9l\u00e9phoniques dans diff\u00e9rentes langues plus authentiques.<\/p>\n<h5>S\u00e9curit\u00e9<\/h5>\n<p>Le Pixel vous prot\u00e8ge, vous et vos donn\u00e9es confidentielles.<br \/>\nGr\u00e2ce \u00e0 des contr\u00f4les de s\u00e9curit\u00e9 en temps r\u00e9el, Pixel aide \u00e0 vous offrir une protection en ligne continue, des alertes proactives en cas de vol et des mises \u00e0 jour de s\u00e9curit\u00e9 pendant 7\u00a0ans. De plus, il poss\u00e8de des fonctionnalit\u00e9s de D\u00e9tection d&#8217;accident de voiture et des Alertes de crise pour assurer votre s\u00e9curit\u00e9 et celle de votre famille.<\/p>\n<h5>Fonctionnalit\u00e9 de s\u00e9curit\u00e9 personnelle<\/h5>\n<p>Une aide d&#8217;urgence, toujours \u00e0 port\u00e9e de main.<br \/>\nGr\u00e2ce \u00e0 des fonctionnalit\u00e9s de s\u00e9curit\u00e9 comme Appel d&#8217;urgence et D\u00e9tection d&#8217;accident de voiture, Pixel peut appeler les services d&#8217;urgence et partager votre position si vous ne pouvez pas le faire. Et les Alertes de crise vous avertissent des dangers \u00e0 proximit\u00e9, comme une inondation, un incendie ou une tornade.<\/p>\n<h5>Protection contre le vol<\/h5>\n<p>Verrouillage automatique en cas de perte ou de vol.<br \/>\nGr\u00e2ce \u00e0 l&#8217;IA de Google, le Pixel peut aider \u00e0 d\u00e9tecter un vol et verrouiller automatiquement votre t\u00e9l\u00e9phone. Vous pouvez \u00e9galement utiliser le verrouillage \u00e0 distance pour verrouiller manuellement votre t\u00e9l\u00e9phone lorsque vous r\u00e9alisez qu&#8217;il a disparu. Sept ans d&#8217;assistance<br \/>\nLe Pixel s&#8217;am\u00e9liore au fil du temps.<br \/>\nLe Pixel\u00a010 offre sept ans de mises \u00e0 jour de s\u00e9curit\u00e9 et du syst\u00e8me d&#8217;exploitation ainsi que des fonctionnalit\u00e9s nouvelles et mises \u00e0 niveau gr\u00e2ce \u00e0 Actualisation Pixel.<\/p>\n<h5>FONCTIONS DE TRANSFERT<\/h5>\n<p>Arguments de vente pour le changement d&#8217;appareil<br \/>\nUne transition facile. Beaucoup plus \u00e0 aimer.<br \/>\nDu transfert de donn\u00e9es, comme vos iMessages\ud83c\udd6b et vos photos, \u00e0 l&#8217;utilisation des fonctionnalit\u00e9s du Pixel, Google simplifie le transfert. De plus, les t\u00e9l\u00e9phones Pixel sont dot\u00e9s d&#8217;une IA novatrice pour vous aider \u00e0 cr\u00e9er des photos et des vid\u00e9os exceptionnelles, \u00e0 en faire plus et \u00e0 prot\u00e9ger vos renseignements.<\/p>\n<h5>Messages RCS<\/h5>\n<p>Il est plus facile d&#8217;envoyer des messages texte aux utilisateurs d&#8217;iPhone\ud83c\udd6b.<br \/>\nL&#8217;iPhone est maintenant dot\u00e9 de la messagerie RCS, l&#8217;envoi de messages texte entre Android et iOS est donc plus fluide que jamais. Partagez des images de haute qualit\u00e9 et des r\u00e9actions au texte, ajoutez et retirez des personnes des clavardages en groupe, obtenez des confirmations de lecture et plus.<br \/>\niPhone\ud83c\udd6b est une marque d\u00e9pos\u00e9e d&#8217;Apple Inc.<\/p>\n<h5>Transfert de donn\u00e9es rapide<\/h5>\n<p>Emportez tous vos contenus. M\u00eame vos mots de passe.<br \/>\nD\u00e9placez des contacts, des photos et plus encore sans rien perdre. Cela ne prend qu&#8217;environ 20\u00a0minutes. Et si vous utilisez le gestionnaire de mots de passe Google, vous pouvez acc\u00e9der \u00e0 vos mots de passe une fois que vous \u00eates connect\u00e9.<\/p>\n<h5>Appels vid\u00e9o<\/h5>\n<p>Plus de choix pour les appels vid\u00e9o.<br \/>\nLorsque vous changez d&#8217;appareil, vous pouvez passer des appels vid\u00e9o avec vos amis et votre famille \u00e0 l&#8217;aide de Google Meet, de WhatsApp, de Facebook Messenger et de nombreuses autres applis de communication. Participez facilement \u00e0 des appels FaceTime\ud83c\udd6b \u00e0 partir de votre t\u00e9l\u00e9phone Pixel si quelqu&#8217;un vous envoie un lien.<\/p>\n<h5>Applis Google int\u00e9gr\u00e9es.<\/h5>\n<p>Vos applis Google s&#8217;y trouvent d\u00e9j\u00e0.<br \/>\nLes applis comme Gmail, Photos et Maps sont charg\u00e9es sur votre Pixel et se connectent sans effort \u00e0 Gemini. Il est donc encore plus facile d&#8217;utiliser Gemini pour effectuer des t\u00e2ches pour toutes vos applis. Utilisez des appareils que vous avez d\u00e9j\u00e0 \/ Compatibilit\u00e9 avec l&#8217;\u00e9cosyst\u00e8me<br \/>\nFonctionne bien avec le Pixel et d&#8217;autres appareils.<br \/>\nLe Pixel est con\u00e7u pour \u00eatre compatible avec vos autres appareils. Cela signifie que vous pouvez continuer \u00e0 diffuser du contenu en continu et \u00e0 vous connecter de fa\u00e7on fluide, que ces appareils soient con\u00e7us par Google ou non.<\/p>\n<h5>Mon Pixel<\/h5>\n<p>Votre appli de r\u00e9f\u00e9rence pour tout ce que le Pixel a \u00e0 offrir.<br \/>\nMon Pixel est votre point d&#8217;acc\u00e8s unique pour d\u00e9couvrir les nouvelles fonctionnalit\u00e9s, utiliser le d\u00e9pannage, obtenir de l&#8217;assistance et acheter les derniers appareils et accessoires Pixel. Con\u00e7u pour durer, principaux arguments de vente (t\u00e9l\u00e9phones individuels)<br \/>\nAussi r\u00e9sistant que brillant.<br \/>\nLe Pixel\u00a010 Pro est con\u00e7u pour durer, \u00e0 l&#8217;int\u00e9rieur comme \u00e0 l&#8217;ext\u00e9rieur. Il est soigneusement con\u00e7u pour aider \u00e0 r\u00e9sister aux chutes, aux rayures, aux \u00e9claboussures et \u00e0 la poussi\u00e8re du quotidien avec de l&#8217;aluminium de qualit\u00e9 a\u00e9rospatiale et du verre Gorilla\ud83c\udd6b Glass Victus\ud83c\udd6b\u00a02 de Corning\ud83c\udd6b. De plus, il est con\u00e7u pour recevoir des ajouts de fonctionnalit\u00e9s gr\u00e2ce \u00e0 Actualisation Pixel et sept ans de mises \u00e0 jour de s\u00e9curit\u00e9 et du syst\u00e8me d&#8217;exploitation pour que vous puissiez en profiter plus longtemps. Principaux argument de vente sur la conception<br \/>\nPlus qu&#8217;\u00e9poustouflant.<br \/>\nLe Pixel\u00a010\u00a0Pro est d&#8217;une conception impeccable avec des touches de m\u00e9tal poli et des mat\u00e9riaux incroyablement durables. Il est offert en deux tailles et en quatre nouvelles couleurs riches pour que vous choisissiez celles qui vous conviennent le mieux. Durabilit\u00e9<br \/>\nDeux fois plus durable que le Pixel\u00a08 Pro.<br \/>\nLe Pixel\u00a010 Pro est fait d&#8217;aluminium de qualit\u00e9 a\u00e9rospatiale et de verre Gorilla\ud83c\udd6b Glass Victus\ud83c\udd6b de Corning\ud83c\udd6bpour aider \u00e0 r\u00e9sister aux chutes et aux \u00e9claboussures l\u00e9g\u00e8res, \u00e0 l&#8217;avant comme \u00e0 l&#8217;arri\u00e8re1. De plus, son indice de protection IP68 contre l&#8217;eau et la poussi\u00e8re lui permet de conserver une belle apparence plus longtemps.<\/p>\n<h5>AUTRES FONCTIONNALIT\u00c9S<\/h5>\n<h5>Actualisation Pixel<\/h5>\n<p>Vous aurez l&#8217;impression d&#8217;avoir un nouveau t\u00e9l\u00e9phone plusieurs fois par ann\u00e9e.<br \/>\nVotre t\u00e9l\u00e9phone s&#8217;am\u00e9liore sans cesse avec les ajouts r\u00e9guliers gr\u00e2ce \u00e0 Actualisation Pixel\u00a0: des mises \u00e0 jour automatiques qui rehaussent l&#8217;utilit\u00e9 de votre Pixel en vous apportant de nouvelles fonctionnalit\u00e9s am\u00e9lior\u00e9es pour l&#8217;appareil photo, Gemini et plus encore.<\/p>\n<h5>Filtrage d&#8217;appels manuel<\/h5>\n<p>Le Pixel vous aide \u00e0 \u00e9viter les appels ind\u00e9sirables.<br \/>\nLe Filtrage d&#8217;appels peut r\u00e9pondre pour vous aux num\u00e9ros inconnus et vous permet de savoir qui vous appelle et pourquoi, vous pouvez donc d\u00e9cider si vous voulez r\u00e9pondre ou non.<\/p>\n<h5>Durabilit\u00e9<\/h5>\n<p>Conception consciencieuse.<br \/>\nLes t\u00e9l\u00e9phones de la s\u00e9rie Pixel\u00a010 sont faits de mat\u00e9riaux recycl\u00e9s, y compris le cadre en aluminium \u00e0 100\u00a0% recycl\u00e9 de tous les t\u00e9l\u00e9phones Google depuis le Pixel\u00a06. Et l&#8217;emballage est compos\u00e9 \u00e0 100\u00a0% de mat\u00e9riaux sans plastique.<\/p>\n","protected":false},"excerpt":{"rendered":"<p>L\u2019exp\u00e9rience Pro, \u00e0 son meilleur. Le Pixel\u00a010 Pro est dot\u00e9 de l&#8217;IA avanc\u00e9e avec Gemini, d&#8217;un appareil photo d&#8217;une qualit\u00e9 incroyable, d&#8217;une conception impeccable et de la puce Google Tensor G5 de nouvelle g\u00e9n\u00e9ration Google Tensor\u00a0G5 Google Tensor\u00a0G5 est la puce Pixel la plus puissante \u00e0 ce jour. Elle rend les t\u00e9l\u00e9phones Pixel\u00a010 encore plus [&hellip;]<\/p>\n","protected":false},"featured_media":4607,"comment_status":"open","ping_status":"closed","template":"","meta":{"_acf_changed":false},"product_brand":[],"product_cat":[71],"product_tag":[],"class_list":{"0":"post-4610","1":"product","2":"type-product","3":"status-publish","4":"has-post-thumbnail","6":"carrier-bell-fr","7":"carrier-fido-fr","8":"carrier-freedom-fr","9":"carrier-koodo-fr","10":"carrier-rogers-fr","11":"carrier-telus-fr","12":"carrier-virgin-plus-fr","13":"brand-google-fr","14":"product_cat-carrier-phones-fr","16":"first","17":"instock","18":"shipping-taxable","19":"product-type-variable"},"acf":[],"aioseo_notices":[],"_links":{"self":[{"href":"https:\/\/www.wireless.walmart.ca\/fr\/wp-json\/wp\/v2\/product\/4610","targetHints":{"allow":["GET"]}}],"collection":[{"href":"https:\/\/www.wireless.walmart.ca\/fr\/wp-json\/wp\/v2\/product"}],"about":[{"href":"https:\/\/www.wireless.walmart.ca\/fr\/wp-json\/wp\/v2\/types\/product"}],"replies":[{"embeddable":true,"href":"https:\/\/www.wireless.walmart.ca\/fr\/wp-json\/wp\/v2\/comments?post=4610"}],"wp:featuredmedia":[{"embeddable":true,"href":"https:\/\/www.wireless.walmart.ca\/fr\/wp-json\/wp\/v2\/media\/4607"}],"wp:attachment":[{"href":"https:\/\/www.wireless.walmart.ca\/fr\/wp-json\/wp\/v2\/media?parent=4610"}],"wp:term":[{"taxonomy":"product_brand","embeddable":true,"href":"https:\/\/www.wireless.walmart.ca\/fr\/wp-json\/wp\/v2\/product_brand?post=4610"},{"taxonomy":"product_cat","embeddable":true,"href":"https:\/\/www.wireless.walmart.ca\/fr\/wp-json\/wp\/v2\/product_cat?post=4610"},{"taxonomy":"product_tag","embeddable":true,"href":"https:\/\/www.wireless.walmart.ca\/fr\/wp-json\/wp\/v2\/product_tag?post=4610"}],"curies":[{"name":"wp","href":"https:\/\/api.w.org\/{rel}","templated":true}]}}