{"id":4723,"date":"2026-01-14T21:05:29","date_gmt":"2026-01-14T21:05:29","guid":{"rendered":"https:\/\/www.wireless.walmart.ca\/?post_type=product&#038;p=4723"},"modified":"2026-05-14T13:12:07","modified_gmt":"2026-05-14T13:12:07","slug":"samsung-galaxy-a17","status":"publish","type":"product","link":"https:\/\/www.wireless.walmart.ca\/fr\/product\/samsung-galaxy-a17\/","title":{"rendered":"Samsung Galaxy A17"},"content":{"rendered":"<h4>Le Galaxy A17 5G allie un design \u00e9l\u00e9gant et plat de 7,5 mm \u2013 disponible en noir, gris et bleu \u2013 \u00e0 une disposition repens\u00e9e de l&#8217;appareil photo et du clavier (Key Island 2.0). Son \u00e9cran Super AMOLED de 6,7 pouces et ses bordures fines offrent des images \u00e9clatantes et immersives. Acc\u00e9dez \u00e0 la puissance de l&#8217;IA en d\u00e9placement gr\u00e2ce \u00e0 la touche mat\u00e9rielle Gemini d\u00e9di\u00e9e pour une assistance intelligente instantan\u00e9e, des suggestions cr\u00e9atives et bien plus encore. Et gr\u00e2ce \u00e0 la stabilisation optique de l&#8217;image (OIS), vos vid\u00e9os restent nettes et vos photos en basse lumi\u00e8re sont jusqu&#8217;\u00e0 2,5 fois plus lumineuses que le mod\u00e8le pr\u00e9c\u00e9dent.<\/h4>\n<h5>\u00c9cran Super AMOLED 6,7 pouces immersif et \u00e9clatant<\/h5>\n<p>Gr\u00e2ce \u00e0 son \u00e9cran large et fluide de 6,7 pouces, \u00e0 la technologie Super AMOLED et \u00e0 un taux de rafra\u00eechissement de 90 Hz, votre monde est plus riche, plus lumineux et plus immersif que jamais<\/p>\n<h5>Parlez \u00e0 Gemini de tout ce que vous voyez.<\/h5>\n<p>Exprimez-vous librement et naturellement avec Gemini Liove pour obtenir des informations en temps r\u00e9el. Partagez vos moments via la cam\u00e9ra pour demander des conseils ou des id\u00e9es.<\/p>\n<h5>Encerclez-le, trouvez-le !<\/h5>\n<p>Recherche simplifi\u00e9e : entourez simplement le texte ou l&#8217;objet souhait\u00e9 pour obtenir des r\u00e9sultats en toute simplicit\u00e9<\/p>\n<h5>\u00c9l\u00e9gant, fin et sublime<\/h5>\n<p>Un bo\u00eetier plus fin de 7,5 mm avec un Key Island 2.0 repens\u00e9 et un bloc photo lin\u00e9aire vous offre plus de style et moins d&#8217;encombrement.<\/p>\n<h5>Triple cam\u00e9ra pour capturer plus de d\u00e9tails<\/h5>\n<p>Le triple capteur photo du Galaxy A17 5G, compos\u00e9 d&#8217;un objectif grand angle de 50 MP, d&#8217;un ultra grand angle de 5 MP et d&#8217;un objectif macro de 2 MP, cadre chaque sc\u00e8ne avec pr\u00e9cision. Passez en toute fluidit\u00e9 des vastes paysages aux gros plans, avec des couleurs \u00e9clatantes et une nettet\u00e9 exceptionnelle, pour immortaliser les moments pr\u00e9cieux de la vie<\/p>\n<h5>Des vid\u00e9os plus nettes et des photos plus lumineuses, m\u00eame de nuit, gr\u00e2ce \u00e0 la stabilisation optique de l&#8217;image (OIS).<\/h5>\n<h5>Des performances qui dynamisent votre journ\u00e9e<\/h5>\n<p>Gr\u00e2ce \u00e0 son processeur octoc\u0153ur de 2,4 GHz, le Galaxy A17 5G offre un streaming HD fluide, des jeux r\u00e9actifs et un partage social sans faille<\/p>\n<h5>Restez \u00e0 jour gr\u00e2ce \u00e0 6 mises \u00e0 niveau du syst\u00e8me d&#8217;exploitation et des mises \u00e0 jour de s\u00e9curit\u00e9<\/h5>\n<p>Gardez votre appareil \u00e0 jour et vos informations prot\u00e9g\u00e9es gr\u00e2ce \u00e0 6 mises \u00e0 niveau du syst\u00e8me d&#8217;exploitation et 6 ans de support de s\u00e9curit\u00e9<\/p>\n<h5>Une protection adapt\u00e9e au monde r\u00e9el<\/h5>\n<p>Gr\u00e2ce \u00e0 la protection contre les \u00e9claboussures (IP54) et la r\u00e9sistance aux rayures du verre Corning\u00ae Gorilla\u00ae Glass Victus\u00ae, vous pouvez vous concentrer sur l&#8217;essentiel<\/p>\n<h5>La vitesse ultra-rapide de la 5G \u00e0 port\u00e9e de main<\/h5>\n<p>Profitez de la 5G. Le Galaxy A17 5G offre une connectivit\u00e9 ultra-rapide pour le streaming, les jeux et le partage en d\u00e9placement. B\u00e9n\u00e9ficiez d&#8217;appels vid\u00e9o fluides, d&#8217;une exp\u00e9rience de jeu sans interruption et de t\u00e9l\u00e9chargements rapides\u00a0: la 5G, fiable et performante, au travail<\/p>\n","protected":false},"excerpt":{"rendered":"<p>Le Galaxy A17 5G allie un design \u00e9l\u00e9gant et plat de 7,5 mm \u2013 disponible en noir, gris et bleu \u2013 \u00e0 une disposition repens\u00e9e de l&#8217;appareil photo et du clavier (Key Island 2.0). Son \u00e9cran Super AMOLED de 6,7 pouces et ses bordures fines offrent des images \u00e9clatantes et immersives. Acc\u00e9dez \u00e0 la puissance [&hellip;]<\/p>\n","protected":false},"featured_media":4702,"comment_status":"open","ping_status":"closed","template":"","meta":{"_acf_changed":false},"product_brand":[],"product_cat":[71],"product_tag":[],"class_list":{"0":"post-4723","1":"product","2":"type-product","3":"status-publish","4":"has-post-thumbnail","6":"carrier-bell-fr","7":"carrier-fido-fr","8":"carrier-freedom-fr","9":"carrier-rogers-fr","10":"carrier-virgin-plus-fr","11":"brand-samsung-fr","12":"product_cat-carrier-phones-fr","14":"first","15":"instock","16":"shipping-taxable","17":"product-type-variable"},"acf":[],"aioseo_notices":[],"_links":{"self":[{"href":"https:\/\/www.wireless.walmart.ca\/fr\/wp-json\/wp\/v2\/product\/4723","targetHints":{"allow":["GET"]}}],"collection":[{"href":"https:\/\/www.wireless.walmart.ca\/fr\/wp-json\/wp\/v2\/product"}],"about":[{"href":"https:\/\/www.wireless.walmart.ca\/fr\/wp-json\/wp\/v2\/types\/product"}],"replies":[{"embeddable":true,"href":"https:\/\/www.wireless.walmart.ca\/fr\/wp-json\/wp\/v2\/comments?post=4723"}],"wp:featuredmedia":[{"embeddable":true,"href":"https:\/\/www.wireless.walmart.ca\/fr\/wp-json\/wp\/v2\/media\/4702"}],"wp:attachment":[{"href":"https:\/\/www.wireless.walmart.ca\/fr\/wp-json\/wp\/v2\/media?parent=4723"}],"wp:term":[{"taxonomy":"product_brand","embeddable":true,"href":"https:\/\/www.wireless.walmart.ca\/fr\/wp-json\/wp\/v2\/product_brand?post=4723"},{"taxonomy":"product_cat","embeddable":true,"href":"https:\/\/www.wireless.walmart.ca\/fr\/wp-json\/wp\/v2\/product_cat?post=4723"},{"taxonomy":"product_tag","embeddable":true,"href":"https:\/\/www.wireless.walmart.ca\/fr\/wp-json\/wp\/v2\/product_tag?post=4723"}],"curies":[{"name":"wp","href":"https:\/\/api.w.org\/{rel}","templated":true}]}}