{"id":4880,"date":"2026-02-26T19:57:04","date_gmt":"2026-02-26T19:57:04","guid":{"rendered":"https:\/\/www.wireless.walmart.ca\/?post_type=product&#038;p=4880"},"modified":"2026-03-02T20:56:53","modified_gmt":"2026-03-02T20:56:53","slug":"4880","status":"publish","type":"product","link":"https:\/\/www.wireless.walmart.ca\/fr\/product\/4880\/","title":{"rendered":""},"content":{"rendered":"<h4>Le Samsung Galaxy S26+ est con\u00e7u pour simplifier votre quotidien, alliant un design \u00e9l\u00e9gant \u00e0 des performances intelligentes. Gr\u00e2ce \u00e0 la puissance de Galaxy AI, ces appareils vous permettent de rester concentr\u00e9 et productif, tout en vous fournissant les outils dont vous avez besoin, au moment pr\u00e9cis o\u00f9 vous en avez besoin.<\/h4>\n<h5>Une intelligence intuitive avec Galaxy AI<\/h5>\n<h5>Restez connect\u00e9 \u00e0 l&#8217;instant pr\u00e9sent avec Now Nudge, une fonctionnalit\u00e9 intuitive de Galaxy AI qui vous fournit les informations dont vous avez besoin instantan\u00e9ment. Des conseils rapides \u00e0 une assistance fluide pour vos t\u00e2ches, votre t\u00e9l\u00e9phone devient le prolongement naturel de votre quotidien.<\/h5>\n<h5>Le processeur le plus puissant \u00e0 ce jour<\/h5>\n<h5>\u00c9quip\u00e9 du processeur le plus avanc\u00e9 de Samsung, le S26 | S26+ offre une vitesse et une efficacit\u00e9 exceptionnelles. Que vous soyez en multit\u00e2che, en streaming, en jeu ou en cr\u00e9ation de contenu, tout est rapide, fluide et r\u00e9actif.<\/h5>\n<h5>Une cr\u00e9ativit\u00e9 sans limites<\/h5>\n<h5>Explorez de nouvelles possibilit\u00e9s cr\u00e9atives avec\u00a0:<\/h5>\n<h5>Photo Assist\u00a0: Am\u00e9liorez n&#8217;importe quelle photo en quelques secondes gr\u00e2ce \u00e0 des suggestions de retouche intelligentes.<\/h5>\n<h5>Cr\u00e9ativit\u00e9 en g\u00e9n\u00e9ral\u00a0: Donnez vie \u00e0 vos id\u00e9es, des illustrations ludiques aux effets 3D.<\/h5>\n<h5>Votre t\u00e9l\u00e9phone devient votre espace de cr\u00e9ation personnel, pr\u00eat \u00e0 vous inspirer d\u00e8s que l&#8217;id\u00e9e vous vient.<\/h5>\n<h5>\u00c9cran ultra-vive<\/h5>\n<h5>Le contenu immersif prend vie sur l&#8217;\u00e9cran d&#8217;une nettet\u00e9 exceptionnelle du Galaxy S26 | S26+. Films, applications et jeux sont plus nets, plus lumineux et plus \u00e9clatants, pour une exp\u00e9rience encore plus agr\u00e9able.<\/h5>\n<h5>Exp\u00e9rience audio optimis\u00e9e<\/h5>\n<h5>Associez la gamme S26 aux Galaxy Buds4, dot\u00e9s de la technologie Hi-Fi Audio, pour profiter de votre musique, de vos vid\u00e9os et de vos podcasts pr\u00e9f\u00e9r\u00e9s avec une clart\u00e9 et un niveau de d\u00e9tail impressionnants.<\/h5>\n<p>&nbsp;<\/p>\n","protected":false},"excerpt":{"rendered":"<p>Le Samsung Galaxy S26+ est con\u00e7u pour simplifier votre quotidien, alliant un design \u00e9l\u00e9gant \u00e0 des performances intelligentes. Gr\u00e2ce \u00e0 la puissance de Galaxy AI, ces appareils vous permettent de rester concentr\u00e9 et productif, tout en vous fournissant les outils dont vous avez besoin, au moment pr\u00e9cis o\u00f9 vous en avez besoin. Une intelligence intuitive [&hellip;]<\/p>\n","protected":false},"featured_media":4869,"comment_status":"open","ping_status":"closed","template":"","meta":{"_acf_changed":false},"product_brand":[],"product_cat":[71],"product_tag":[],"class_list":{"0":"post-4880","1":"product","2":"type-product","3":"status-publish","4":"has-post-thumbnail","6":"carrier-bell-fr","7":"carrier-fido-fr","8":"carrier-freedom-fr","9":"carrier-koodo-fr","10":"carrier-rogers-fr","11":"carrier-telus-fr","12":"carrier-virgin-plus-fr","13":"brand-samsung-fr","14":"product_cat-carrier-phones-fr","16":"first","17":"instock","18":"shipping-taxable","19":"product-type-variable"},"acf":[],"aioseo_notices":[],"_links":{"self":[{"href":"https:\/\/www.wireless.walmart.ca\/fr\/wp-json\/wp\/v2\/product\/4880","targetHints":{"allow":["GET"]}}],"collection":[{"href":"https:\/\/www.wireless.walmart.ca\/fr\/wp-json\/wp\/v2\/product"}],"about":[{"href":"https:\/\/www.wireless.walmart.ca\/fr\/wp-json\/wp\/v2\/types\/product"}],"replies":[{"embeddable":true,"href":"https:\/\/www.wireless.walmart.ca\/fr\/wp-json\/wp\/v2\/comments?post=4880"}],"wp:featuredmedia":[{"embeddable":true,"href":"https:\/\/www.wireless.walmart.ca\/fr\/wp-json\/wp\/v2\/media\/4869"}],"wp:attachment":[{"href":"https:\/\/www.wireless.walmart.ca\/fr\/wp-json\/wp\/v2\/media?parent=4880"}],"wp:term":[{"taxonomy":"product_brand","embeddable":true,"href":"https:\/\/www.wireless.walmart.ca\/fr\/wp-json\/wp\/v2\/product_brand?post=4880"},{"taxonomy":"product_cat","embeddable":true,"href":"https:\/\/www.wireless.walmart.ca\/fr\/wp-json\/wp\/v2\/product_cat?post=4880"},{"taxonomy":"product_tag","embeddable":true,"href":"https:\/\/www.wireless.walmart.ca\/fr\/wp-json\/wp\/v2\/product_tag?post=4880"}],"curies":[{"name":"wp","href":"https:\/\/api.w.org\/{rel}","templated":true}]}}